{"id":506,"date":"2023-05-16T12:51:20","date_gmt":"2023-05-16T12:51:20","guid":{"rendered":"http:\/\/imi4you.eu\/?page_id=506"},"modified":"2023-05-17T10:00:46","modified_gmt":"2023-05-17T10:00:46","slug":"uslugi-szkoleniowe-2","status":"publish","type":"page","link":"https:\/\/imi4you.eu\/en\/uslugi-szkoleniowe-2\/","title":{"rendered":"Training Services"},"content":{"rendered":"<section class=\"wpb-content-wrapper\"><div data-vc-full-width=\"true\" data-vc-full-width-init=\"false\" class=\"vc_row wpb_row row top-row vc_custom_1527711405138 vc_row-has-fill\"><div class=\"vc_column_container col-md-12\"><div class=\"wpb_wrapper vc_column-inner\"><h2  class=\"vc_custom_heading align-left\" >Training Services<\/h2><div class=\"porto-separator\"><hr class=\"separator-line  align_left\" style=\"background-image: -webkit-linear-gradient(left, #0dd5a6, transparent); background-image: linear-gradient(to right, #0dd5a6, transparent);height:3px;width:10%;\"><\/div>\n\t<div class=\"wpb_text_column wpb_content_element  vc_custom_1684241650853\" >\n\t\t<div class=\"wpb_wrapper\">\n\t\t\t<p class=\"lead\" style=\"text-align: justify;\">We assist in the development, testing, and funding acquisition of innovative medical devices, applications, and other solutions that support modern medicine. Additionally, our team of experienced trainers provides professional courses, training, and advisory services. We deliver knowledge, skills, and competencies through vocational courses, advanced courses, and practical sessions. In collaboration with the Medical Technology Academy, we organize training programs on the application of new methods and innovative technologies. Our courses are conducted in a hybrid format, combining online and in-person sessions.<\/p>\n\n\t\t<\/div>\n\t<\/div>\n<div class=\"porto-gallery has-ccols ccols-1 ccols-sm-2 ccols-md-3 ccols-lg-4 wpb_custom_990125ee54cc6ce8d5f272820494c17d porto-gallery-masonry\" data-plugin-masonry data-plugin-options=\"{&quot;layoutMode&quot;:&quot;masonry&quot;,&quot;itemSelector&quot;:&quot;figure&quot;,&quot;masonry&quot;:{&quot;columnWidth&quot;:&quot;figure&quot;},&quot;animationEngine&quot;:&quot;best-available&quot;,&quot;resizable&quot;:false}\"><figure><img width=\"1080\" height=\"1080\" src=\"https:\/\/imi4you.eu\/wp-content\/uploads\/2023\/05\/15.jpg\" class=\"attachment-full size-full\" alt=\"\" decoding=\"async\" loading=\"lazy\" srcset=\"https:\/\/imi4you.eu\/wp-content\/uploads\/2023\/05\/15.jpg 1080w, https:\/\/imi4you.eu\/wp-content\/uploads\/2023\/05\/15-1024x1024.jpg 1024w, https:\/\/imi4you.eu\/wp-content\/uploads\/2023\/05\/15-768x768.jpg 768w, https:\/\/imi4you.eu\/wp-content\/uploads\/2023\/05\/15-640x640.jpg 640w, https:\/\/imi4you.eu\/wp-content\/uploads\/2023\/05\/15-400x400.jpg 400w\" sizes=\"(max-width: 1080px) 100vw, 1080px\" \/><\/figure><figure><img width=\"1080\" height=\"1080\" src=\"https:\/\/imi4you.eu\/wp-content\/uploads\/2023\/05\/14.jpg\" class=\"attachment-full size-full\" alt=\"\" decoding=\"async\" loading=\"lazy\" srcset=\"https:\/\/imi4you.eu\/wp-content\/uploads\/2023\/05\/14.jpg 1080w, https:\/\/imi4you.eu\/wp-content\/uploads\/2023\/05\/14-1024x1024.jpg 1024w, https:\/\/imi4you.eu\/wp-content\/uploads\/2023\/05\/14-768x768.jpg 768w, https:\/\/imi4you.eu\/wp-content\/uploads\/2023\/05\/14-640x640.jpg 640w, https:\/\/imi4you.eu\/wp-content\/uploads\/2023\/05\/14-400x400.jpg 400w\" sizes=\"(max-width: 1080px) 100vw, 1080px\" \/><\/figure><figure><img width=\"1080\" height=\"1080\" src=\"https:\/\/imi4you.eu\/wp-content\/uploads\/2023\/05\/37.jpg\" class=\"attachment-full size-full\" alt=\"\" decoding=\"async\" loading=\"lazy\" srcset=\"https:\/\/imi4you.eu\/wp-content\/uploads\/2023\/05\/37.jpg 1080w, https:\/\/imi4you.eu\/wp-content\/uploads\/2023\/05\/37-1024x1024.jpg 1024w, https:\/\/imi4you.eu\/wp-content\/uploads\/2023\/05\/37-768x768.jpg 768w, https:\/\/imi4you.eu\/wp-content\/uploads\/2023\/05\/37-640x640.jpg 640w, https:\/\/imi4you.eu\/wp-content\/uploads\/2023\/05\/37-400x400.jpg 400w\" sizes=\"(max-width: 1080px) 100vw, 1080px\" \/><\/figure><figure><img width=\"1080\" height=\"1080\" src=\"https:\/\/imi4you.eu\/wp-content\/uploads\/2023\/05\/38.jpg\" class=\"attachment-full size-full\" alt=\"\" decoding=\"async\" loading=\"lazy\" srcset=\"https:\/\/imi4you.eu\/wp-content\/uploads\/2023\/05\/38.jpg 1080w, https:\/\/imi4you.eu\/wp-content\/uploads\/2023\/05\/38-1024x1024.jpg 1024w, https:\/\/imi4you.eu\/wp-content\/uploads\/2023\/05\/38-768x768.jpg 768w, https:\/\/imi4you.eu\/wp-content\/uploads\/2023\/05\/38-640x640.jpg 640w, https:\/\/imi4you.eu\/wp-content\/uploads\/2023\/05\/38-400x400.jpg 400w\" sizes=\"(max-width: 1080px) 100vw, 1080px\" \/><\/figure><\/div><\/div><\/div><\/div><div class=\"vc_row-full-width vc_clearfix\"><\/div><div id=\"zapisy\" data-vc-full-width=\"true\" data-vc-full-width-init=\"false\" class=\"vc_row wpb_row row top-row vc_custom_1605281137434\"><div class=\"vc_column_container col-md-12\"><div class=\"wpb_wrapper vc_column-inner\"><h2 style=\"text-align: center\" class=\"vc_custom_heading\" >Application form<\/h2><div class=\"porto-separator\"><hr class=\"separator-line  vc_custom_1527684135524 align_center\" style=\"background-image: -webkit-linear-gradient(left, transparent, #0dd5a6, transparent); background-image: linear-gradient(to right, transparent, #0dd5a6, transparent);height:3px;width:10%;\"><\/div>\n\t<div class=\"wpb_text_column wpb_content_element  vc_custom_1684141681677\" >\n\t\t<div class=\"wpb_wrapper\">\n\t\t\t<p class=\"lead\" style=\"text-align: center;\">We are waiting for your questions! Would you like to learn more about how we introduce innovations in medicine, support the development of personalized and coordinated healthcare? Do you want to understand how our actions contribute to raising the standards of the European Union in hospitals? Contact us through our contact form. We are here to answer all your questions and help you better understand our mission. Don't wait, join us on an innovative journey towards better health!<\/p>\n\n\t\t<\/div>\n\t<\/div>\n<div class=\"vc_row wpb_row vc_inner row vc_custom_1527683362485\"><div class=\"vc_column_container col-md-3\"><div class=\"wpb_wrapper vc_column-inner\"><\/div><\/div><div class=\"vc_column_container col-md-6\"><div class=\"wpb_wrapper vc_column-inner\">\n<div class=\"wpcf7 no-js\" id=\"wpcf7-f343-o1\" lang=\"pl-PL\" dir=\"ltr\">\n<div class=\"screen-reader-response\"><p role=\"status\" aria-live=\"polite\" aria-atomic=\"true\"><\/p> <ul><\/ul><\/div>\n<form action=\"\/en\/wp-json\/wp\/v2\/pages\/506#wpcf7-f343-o1\" method=\"post\" class=\"wpcf7-form init\" aria-label=\"Contact Form\" novalidate=\"novalidate\" data-status=\"init\" data-trp-original-action=\"\/en\/wp-json\/wp\/v2\/pages\/506#wpcf7-f343-o1\">\n<div style=\"display: none;\">\n<input type=\"hidden\" name=\"_wpcf7\" value=\"343\" \/>\n<input type=\"hidden\" name=\"_wpcf7_version\" value=\"5.7.6\" \/>\n<input type=\"hidden\" name=\"_wpcf7_locale\" value=\"pl_PL\" \/>\n<input type=\"hidden\" name=\"_wpcf7_unit_tag\" value=\"wpcf7-f343-o1\" \/>\n<input type=\"hidden\" name=\"_wpcf7_container_post\" value=\"0\" \/>\n<input type=\"hidden\" name=\"_wpcf7_posted_data_hash\" value=\"\" \/>\n<\/div>\n<p><label> First Name and Last Name (required)<br \/>\n<span class=\"wpcf7-form-control-wrap\" data-name=\"your-name\"><input size=\"40\" class=\"wpcf7-form-control wpcf7-text wpcf7-validates-as-required\" aria-required=\"true\" aria-invalid=\"false\" value=\"\" type=\"text\" name=\"your-name\" \/><\/span> <\/label>\n<\/p>\n<p><label> Company Name (required)<br \/>\n<span class=\"wpcf7-form-control-wrap\" data-name=\"your-name\"><input size=\"40\" class=\"wpcf7-form-control wpcf7-text wpcf7-validates-as-required\" aria-required=\"true\" aria-invalid=\"false\" value=\"\" type=\"text\" name=\"your-name\" \/><\/span> <\/label>\n<\/p>\n<p><label> NIP (required)<br \/>\n<span class=\"wpcf7-form-control-wrap\" data-name=\"your-name\"><input size=\"40\" class=\"wpcf7-form-control wpcf7-text wpcf7-validates-as-required\" aria-required=\"true\" aria-invalid=\"false\" value=\"\" type=\"text\" name=\"your-name\" \/><\/span> <\/label>\n<\/p>\n<p><label> Contact Phone (required)<br \/>\n<span class=\"wpcf7-form-control-wrap\" data-name=\"your-name\"><input size=\"40\" class=\"wpcf7-form-control wpcf7-text wpcf7-validates-as-required\" aria-required=\"true\" aria-invalid=\"false\" value=\"\" type=\"text\" name=\"your-name\" \/><\/span> <\/label>\n<\/p>\n<p><label> Subject (required)<br \/>\n<span class=\"wpcf7-form-control-wrap\" data-name=\"menu-45\"><select class=\"wpcf7-form-control wpcf7-select\" aria-invalid=\"false\" name=\"menu-45\"><option value=\"Us\u0142uga doradcza\">Us\u0142uga doradcza<\/option><\/select><\/span> <\/label>\n<\/p>\n<p><input class=\"wpcf7-form-control has-spinner wpcf7-submit\" type=\"submit\" value=\"Submit your application\" \/>\n<\/p><div class=\"wpcf7-response-output\" aria-hidden=\"true\"><\/div>\n<input type=\"hidden\" name=\"trp-form-language\" value=\"en\"\/><\/form>\n<\/div>\n<\/div><\/div><div class=\"vc_column_container col-md-3\"><div class=\"wpb_wrapper vc_column-inner\"><\/div><\/div><\/div><\/div><\/div><\/div><div class=\"vc_row-full-width vc_clearfix\"><\/div><div id=\"kontakt\" data-vc-full-width=\"true\" data-vc-full-width-init=\"false\" class=\"vc_row wpb_row row top-row accent-bg vc_custom_1614556274545 vc_row-has-fill vc_row-o-equal-height vc_row-flex\"><div class=\"inside-white-box vc_column_container col-md-12\"><div class=\"wpb_wrapper vc_column-inner\"><div class=\"vc_row wpb_row vc_inner row\"><div class=\"vc_column_container col-md-12\"><div class=\"wpb_wrapper vc_column-inner\"><h4  class=\"vc_custom_heading align-left\" >Contact<\/h4><div class=\"porto-separator\"><hr class=\"separator-line  vc_custom_1527766557734 align_left\" style=\"background-image: -webkit-linear-gradient(left, #0dd5a6, transparent); background-image: linear-gradient(to right, #0dd5a6, transparent);height:3px;width:20%;\"><\/div>\n\t<div class=\"wpb_text_column wpb_content_element  vc_custom_1611824532338\" >\n\t\t<div class=\"wpb_wrapper\">\n\t\t\t<p>ul. Zab\u0142ocie 25\/4<br \/>\n30-701 Krak\u00f3w<br \/>\n<a href=\"mailto:info@imi4you.eu\">info@imi4you.eu<\/a><\/p>\n\n\t\t<\/div>\n\t<\/div>\n<\/div><\/div><\/div><div class=\"porto-separator\"><hr class=\"separator-line  vc_custom_1527766557734 align_left\" style=\"background-image: -webkit-linear-gradient(left, #0dd5a6, transparent); background-image: linear-gradient(to right, #0dd5a6, transparent);height:3px;width:20%;\"><\/div>\n\t<div class=\"wpb_text_column wpb_content_element\" >\n\t\t<div class=\"wpb_wrapper\">\n\t\t\t<p style=\"text-align: center;\"><a href=\"http:\/\/imi4you.eu\/wp-content\/uploads\/2021\/01\/Regulamin-szkolen.pdf\">REGULAMIN<\/a><\/p>\n\n\t\t<\/div>\n\t<\/div>\n<\/div><\/div><\/div><div class=\"vc_row-full-width vc_clearfix\"><\/div>\n<\/section>","protected":false},"excerpt":{"rendered":"Us\u0142ugi szkoleniowe Pomagamy w rozwoju, testowaniu i pozyskiwaniu finansowania innowacyjnych urz\u0105dze\u0144, aplikacji i pozosta\u0142ych rozwi\u0105za\u0144 wspomagaj\u0105cych nowoczesn\u0105 medycyn\u0119, a tak\u017ce wraz z nasz\u0105 kadr\u0105 do\u015bwiadczonych trener\u00f3w prowadzimy kursy zawodowe i szkolenia oraz us\u0142ugi doradcze. Dostarczamy wiedzy, umiej\u0119tno\u015bci i kompetencji w formie kurs\u00f3w zawodowych oraz kurs\u00f3w doskonal\u0105cych i zaj\u0119\u0107 praktycznych. We wsp\u00f3\u0142pracy z Medical Technology Academy [...]","protected":false},"author":1,"featured_media":0,"parent":0,"menu_order":0,"comment_status":"closed","ping_status":"closed","template":"","meta":[],"_links":{"self":[{"href":"https:\/\/imi4you.eu\/en\/wp-json\/wp\/v2\/pages\/506"}],"collection":[{"href":"https:\/\/imi4you.eu\/en\/wp-json\/wp\/v2\/pages"}],"about":[{"href":"https:\/\/imi4you.eu\/en\/wp-json\/wp\/v2\/types\/page"}],"author":[{"embeddable":true,"href":"https:\/\/imi4you.eu\/en\/wp-json\/wp\/v2\/users\/1"}],"replies":[{"embeddable":true,"href":"https:\/\/imi4you.eu\/en\/wp-json\/wp\/v2\/comments?post=506"}],"version-history":[{"count":4,"href":"https:\/\/imi4you.eu\/en\/wp-json\/wp\/v2\/pages\/506\/revisions"}],"predecessor-version":[{"id":669,"href":"https:\/\/imi4you.eu\/en\/wp-json\/wp\/v2\/pages\/506\/revisions\/669"}],"wp:attachment":[{"href":"https:\/\/imi4you.eu\/en\/wp-json\/wp\/v2\/media?parent=506"}],"curies":[{"name":"wp","href":"https:\/\/api.w.org\/{rel}","templated":true}]}}