{"id":431,"date":"2023-05-16T09:56:09","date_gmt":"2023-05-16T09:56:09","guid":{"rendered":"http:\/\/imi4you.eu\/?page_id=431"},"modified":"2023-05-17T09:52:45","modified_gmt":"2023-05-17T09:52:45","slug":"strategia","status":"publish","type":"page","link":"https:\/\/imi4you.eu\/en\/strategia\/","title":{"rendered":"Strategy"},"content":{"rendered":"<section class=\"wpb-content-wrapper\"><div data-vc-full-width=\"true\" data-vc-full-width-init=\"false\" class=\"vc_row wpb_row row top-row vc_custom_1527711405138 vc_row-has-fill\"><div class=\"vc_column_container col-md-12\"><div class=\"wpb_wrapper vc_column-inner\"><h2  class=\"vc_custom_heading align-left\" >Strategy<\/h2><div class=\"porto-separator\"><hr class=\"separator-line  align_left\" style=\"background-image: -webkit-linear-gradient(left, #0dd5a6, transparent); background-image: linear-gradient(to right, #0dd5a6, transparent);height:3px;width:10%;\"><\/div>\n\t<div class=\"wpb_text_column wpb_content_element  vc_custom_1684238529874\" >\n\t\t<div class=\"wpb_wrapper\">\n\t\t\t<p class=\"lead\" style=\"text-align: justify;\">The Institute is the author of the e-health and digital transformation strategy in Poland, with special emphasis on enabling the development of Next-Generation Digital Healthcare Centers. The elements of the strategy include:<\/p>\n<ul>\n<li style=\"list-style-type: none;\">\n<ul>\n<li>\n<p class=\"lead\" style=\"text-align: justify;\">The development of clinical decision support systems that expedite the diagnostic process and enhance diagnostic accuracy at early stages of disease development, particularly in cancer-related conditions,<\/p>\n<\/li>\n<li>\n<p class=\"lead\" style=\"text-align: justify;\">Personalized case analysis based on accumulated and standardized medical data obtained from automated medical data acquisition systems, datasets acquired by the National Health Fund (NFZ), and mobile applications<\/p>\n<\/li>\n<li>\n<p class=\"lead\" style=\"text-align: justify;\">The development of tools supporting remote monitoring of a wide range of vital functions, as well as data acquisition and diagnostics<\/p>\n<\/li>\n<li>\n<p class=\"lead\" style=\"text-align: justify;\">Preparation of procedures for supporting remote assessment of health status and recommending preventive actions, including the identification of high-risk patients requiring prompt medical interventions<\/p>\n<\/li>\n<li>\n<p class=\"lead\" style=\"text-align: justify;\">The development of reference technological solutions that support preventive actions and facilitate access to affordable, durable, and high-quality healthcare services<\/p>\n<\/li>\n<li>\n<p class=\"lead\" style=\"text-align: justify;\">The preparation of a set of best practices regarding legal, organizational, and technological solutions that will facilitate the provision of modern and comprehensive healthcare to previously excluded (partially or completely) social groups<\/p>\n<\/li>\n<\/ul>\n<\/li>\n<\/ul>\n<p class=\"lead\" style=\"text-align: justify;\">We invite you to cooperate.<\/p>\n\n\t\t<\/div>\n\t<\/div>\n<div class=\"porto-gallery has-ccols ccols-1 ccols-sm-2 ccols-md-3 ccols-lg-4 wpb_custom_990125ee54cc6ce8d5f272820494c17d porto-gallery-grid align-items-start\"><figure><img width=\"1080\" height=\"1080\" src=\"https:\/\/imi4you.eu\/wp-content\/uploads\/2023\/05\/2.jpg\" class=\"attachment-full size-full\" alt=\"\" decoding=\"async\" loading=\"lazy\" srcset=\"https:\/\/imi4you.eu\/wp-content\/uploads\/2023\/05\/2.jpg 1080w, https:\/\/imi4you.eu\/wp-content\/uploads\/2023\/05\/2-1024x1024.jpg 1024w, https:\/\/imi4you.eu\/wp-content\/uploads\/2023\/05\/2-768x768.jpg 768w, https:\/\/imi4you.eu\/wp-content\/uploads\/2023\/05\/2-640x640.jpg 640w, https:\/\/imi4you.eu\/wp-content\/uploads\/2023\/05\/2-400x400.jpg 400w\" sizes=\"(max-width: 1080px) 100vw, 1080px\" \/><\/figure><figure><img width=\"1080\" height=\"1080\" src=\"https:\/\/imi4you.eu\/wp-content\/uploads\/2023\/05\/6.jpg\" class=\"attachment-full size-full\" alt=\"\" decoding=\"async\" loading=\"lazy\" srcset=\"https:\/\/imi4you.eu\/wp-content\/uploads\/2023\/05\/6.jpg 1080w, https:\/\/imi4you.eu\/wp-content\/uploads\/2023\/05\/6-1024x1024.jpg 1024w, https:\/\/imi4you.eu\/wp-content\/uploads\/2023\/05\/6-768x768.jpg 768w, https:\/\/imi4you.eu\/wp-content\/uploads\/2023\/05\/6-640x640.jpg 640w, https:\/\/imi4you.eu\/wp-content\/uploads\/2023\/05\/6-400x400.jpg 400w\" sizes=\"(max-width: 1080px) 100vw, 1080px\" \/><\/figure><figure><img width=\"1080\" height=\"1080\" src=\"https:\/\/imi4you.eu\/wp-content\/uploads\/2023\/05\/17.jpg\" class=\"attachment-full size-full\" alt=\"\" decoding=\"async\" loading=\"lazy\" srcset=\"https:\/\/imi4you.eu\/wp-content\/uploads\/2023\/05\/17.jpg 1080w, https:\/\/imi4you.eu\/wp-content\/uploads\/2023\/05\/17-1024x1024.jpg 1024w, https:\/\/imi4you.eu\/wp-content\/uploads\/2023\/05\/17-768x768.jpg 768w, https:\/\/imi4you.eu\/wp-content\/uploads\/2023\/05\/17-640x640.jpg 640w, https:\/\/imi4you.eu\/wp-content\/uploads\/2023\/05\/17-400x400.jpg 400w\" sizes=\"(max-width: 1080px) 100vw, 1080px\" \/><\/figure><figure><img width=\"1080\" height=\"1080\" src=\"https:\/\/imi4you.eu\/wp-content\/uploads\/2023\/05\/22.jpg\" class=\"attachment-full size-full\" alt=\"\" decoding=\"async\" loading=\"lazy\" srcset=\"https:\/\/imi4you.eu\/wp-content\/uploads\/2023\/05\/22.jpg 1080w, https:\/\/imi4you.eu\/wp-content\/uploads\/2023\/05\/22-1024x1024.jpg 1024w, https:\/\/imi4you.eu\/wp-content\/uploads\/2023\/05\/22-768x768.jpg 768w, https:\/\/imi4you.eu\/wp-content\/uploads\/2023\/05\/22-640x640.jpg 640w, https:\/\/imi4you.eu\/wp-content\/uploads\/2023\/05\/22-400x400.jpg 400w\" sizes=\"(max-width: 1080px) 100vw, 1080px\" \/><\/figure><\/div><\/div><\/div><\/div><div class=\"vc_row-full-width vc_clearfix\"><\/div><div id=\"zapisy\" data-vc-full-width=\"true\" data-vc-full-width-init=\"false\" class=\"vc_row wpb_row row top-row vc_custom_1605281137434\"><div class=\"vc_column_container col-md-12\"><div class=\"wpb_wrapper vc_column-inner\"><h2 style=\"text-align: center\" class=\"vc_custom_heading\" >Application form<\/h2><div class=\"porto-separator\"><hr class=\"separator-line  vc_custom_1527684135524 align_center\" style=\"background-image: -webkit-linear-gradient(left, transparent, #0dd5a6, transparent); background-image: linear-gradient(to right, transparent, #0dd5a6, transparent);height:3px;width:10%;\"><\/div>\n\t<div class=\"wpb_text_column wpb_content_element  vc_custom_1684141681677\" >\n\t\t<div class=\"wpb_wrapper\">\n\t\t\t<p class=\"lead\" style=\"text-align: center;\">We are waiting for your questions! Would you like to learn more about how we introduce innovations in medicine, support the development of personalized and coordinated healthcare? Do you want to understand how our actions contribute to raising the standards of the European Union in hospitals? Contact us through our contact form. We are here to answer all your questions and help you better understand our mission. Don't wait, join us on an innovative journey towards better health!<\/p>\n\n\t\t<\/div>\n\t<\/div>\n<div class=\"vc_row wpb_row vc_inner row vc_custom_1527683362485\"><div class=\"vc_column_container col-md-3\"><div class=\"wpb_wrapper vc_column-inner\"><\/div><\/div><div class=\"vc_column_container col-md-6\"><div class=\"wpb_wrapper vc_column-inner\">\n<div class=\"wpcf7 no-js\" id=\"wpcf7-f343-o1\" lang=\"pl-PL\" dir=\"ltr\">\n<div class=\"screen-reader-response\"><p role=\"status\" aria-live=\"polite\" aria-atomic=\"true\"><\/p> <ul><\/ul><\/div>\n<form action=\"\/en\/wp-json\/wp\/v2\/pages\/431#wpcf7-f343-o1\" method=\"post\" class=\"wpcf7-form init\" aria-label=\"Contact Form\" novalidate=\"novalidate\" data-status=\"init\" data-trp-original-action=\"\/en\/wp-json\/wp\/v2\/pages\/431#wpcf7-f343-o1\">\n<div style=\"display: none;\">\n<input type=\"hidden\" name=\"_wpcf7\" value=\"343\" \/>\n<input type=\"hidden\" name=\"_wpcf7_version\" value=\"5.7.6\" \/>\n<input type=\"hidden\" name=\"_wpcf7_locale\" value=\"pl_PL\" \/>\n<input type=\"hidden\" name=\"_wpcf7_unit_tag\" value=\"wpcf7-f343-o1\" \/>\n<input type=\"hidden\" name=\"_wpcf7_container_post\" value=\"0\" \/>\n<input type=\"hidden\" name=\"_wpcf7_posted_data_hash\" value=\"\" \/>\n<\/div>\n<p><label> First Name and Last Name (required)<br \/>\n<span class=\"wpcf7-form-control-wrap\" data-name=\"your-name\"><input size=\"40\" class=\"wpcf7-form-control wpcf7-text wpcf7-validates-as-required\" aria-required=\"true\" aria-invalid=\"false\" value=\"\" type=\"text\" name=\"your-name\" \/><\/span> <\/label>\n<\/p>\n<p><label> Company Name (required)<br \/>\n<span class=\"wpcf7-form-control-wrap\" data-name=\"your-name\"><input size=\"40\" class=\"wpcf7-form-control wpcf7-text wpcf7-validates-as-required\" aria-required=\"true\" aria-invalid=\"false\" value=\"\" type=\"text\" name=\"your-name\" \/><\/span> <\/label>\n<\/p>\n<p><label> NIP (required)<br \/>\n<span class=\"wpcf7-form-control-wrap\" data-name=\"your-name\"><input size=\"40\" class=\"wpcf7-form-control wpcf7-text wpcf7-validates-as-required\" aria-required=\"true\" aria-invalid=\"false\" value=\"\" type=\"text\" name=\"your-name\" \/><\/span> <\/label>\n<\/p>\n<p><label> Contact Phone (required)<br \/>\n<span class=\"wpcf7-form-control-wrap\" data-name=\"your-name\"><input size=\"40\" class=\"wpcf7-form-control wpcf7-text wpcf7-validates-as-required\" aria-required=\"true\" aria-invalid=\"false\" value=\"\" type=\"text\" name=\"your-name\" \/><\/span> <\/label>\n<\/p>\n<p><label> Subject (required)<br \/>\n<span class=\"wpcf7-form-control-wrap\" data-name=\"menu-45\"><select class=\"wpcf7-form-control wpcf7-select\" aria-invalid=\"false\" name=\"menu-45\"><option value=\"Us\u0142uga doradcza\">Us\u0142uga doradcza<\/option><\/select><\/span> <\/label>\n<\/p>\n<p><input class=\"wpcf7-form-control has-spinner wpcf7-submit\" type=\"submit\" value=\"Submit your application\" \/>\n<\/p><div class=\"wpcf7-response-output\" aria-hidden=\"true\"><\/div>\n<input type=\"hidden\" name=\"trp-form-language\" value=\"en\"\/><\/form>\n<\/div>\n<\/div><\/div><div class=\"vc_column_container col-md-3\"><div class=\"wpb_wrapper vc_column-inner\"><\/div><\/div><\/div><\/div><\/div><\/div><div class=\"vc_row-full-width vc_clearfix\"><\/div><div id=\"kontakt\" data-vc-full-width=\"true\" data-vc-full-width-init=\"false\" class=\"vc_row wpb_row row top-row accent-bg vc_custom_1614556274545 vc_row-has-fill vc_row-o-equal-height vc_row-flex\"><div class=\"inside-white-box vc_column_container col-md-12\"><div class=\"wpb_wrapper vc_column-inner\"><div class=\"vc_row wpb_row vc_inner row\"><div class=\"vc_column_container col-md-12\"><div class=\"wpb_wrapper vc_column-inner\"><h4  class=\"vc_custom_heading align-left\" >Contact<\/h4><div class=\"porto-separator\"><hr class=\"separator-line  vc_custom_1527766557734 align_left\" style=\"background-image: -webkit-linear-gradient(left, #0dd5a6, transparent); background-image: linear-gradient(to right, #0dd5a6, transparent);height:3px;width:20%;\"><\/div>\n\t<div class=\"wpb_text_column wpb_content_element  vc_custom_1611824532338\" >\n\t\t<div class=\"wpb_wrapper\">\n\t\t\t<p>ul. Zab\u0142ocie 25\/4<br \/>\n30-701 Krak\u00f3w<br \/>\n<a href=\"mailto:info@imi4you.eu\">info@imi4you.eu<\/a><\/p>\n\n\t\t<\/div>\n\t<\/div>\n<\/div><\/div><\/div><div class=\"porto-separator\"><hr class=\"separator-line  vc_custom_1527766557734 align_left\" style=\"background-image: -webkit-linear-gradient(left, #0dd5a6, transparent); background-image: linear-gradient(to right, #0dd5a6, transparent);height:3px;width:20%;\"><\/div>\n\t<div class=\"wpb_text_column wpb_content_element\" >\n\t\t<div class=\"wpb_wrapper\">\n\t\t\t<p style=\"text-align: center;\"><a href=\"http:\/\/imi4you.eu\/wp-content\/uploads\/2021\/01\/Regulamin-szkolen.pdf\">REGULAMIN<\/a><\/p>\n\n\t\t<\/div>\n\t<\/div>\n<\/div><\/div><\/div><div class=\"vc_row-full-width vc_clearfix\"><\/div>\n<\/section>","protected":false},"excerpt":{"rendered":"Strategia Instytut jest autorem strategii rozwoju e-zdrowia i cyfrowej transformacji w Polsce ze szczeg\u00f3lnym zwr\u00f3ceniem uwagi na umo\u017cliwienie rozwoju Centr\u00f3w Medycyny Cyfrowej Nowej Generacji. Elementami strategii jest: Wypracowanie klinicznych system\u00f3w wspomagania decyzji lekarskich, przyspieszaj\u0105cych proces diagnozowania i zwi\u0119kszaj\u0105cych trafno\u015b\u0107 diagnozy na wczesnym etapie rozwoju choroby, zw\u0142aszcza w chorobach nowotworowych, Spersonalizowanej analizy przypadku w oparciu o [...]","protected":false},"author":1,"featured_media":0,"parent":0,"menu_order":0,"comment_status":"closed","ping_status":"closed","template":"","meta":[],"_links":{"self":[{"href":"https:\/\/imi4you.eu\/en\/wp-json\/wp\/v2\/pages\/431"}],"collection":[{"href":"https:\/\/imi4you.eu\/en\/wp-json\/wp\/v2\/pages"}],"about":[{"href":"https:\/\/imi4you.eu\/en\/wp-json\/wp\/v2\/types\/page"}],"author":[{"embeddable":true,"href":"https:\/\/imi4you.eu\/en\/wp-json\/wp\/v2\/users\/1"}],"replies":[{"embeddable":true,"href":"https:\/\/imi4you.eu\/en\/wp-json\/wp\/v2\/comments?post=431"}],"version-history":[{"count":4,"href":"https:\/\/imi4you.eu\/en\/wp-json\/wp\/v2\/pages\/431\/revisions"}],"predecessor-version":[{"id":662,"href":"https:\/\/imi4you.eu\/en\/wp-json\/wp\/v2\/pages\/431\/revisions\/662"}],"wp:attachment":[{"href":"https:\/\/imi4you.eu\/en\/wp-json\/wp\/v2\/media?parent=431"}],"curies":[{"name":"wp","href":"https:\/\/api.w.org\/{rel}","templated":true}]}}