{"id":518,"date":"2023-05-16T16:08:25","date_gmt":"2023-05-16T16:08:25","guid":{"rendered":"http:\/\/imi4you.eu\/?page_id=518"},"modified":"2023-05-16T21:02:26","modified_gmt":"2023-05-16T21:02:26","slug":"wspolpraca","status":"publish","type":"page","link":"http:\/\/imi4you.eu\/en\/wspolpraca\/","title":{"rendered":"Collaboration"},"content":{"rendered":"<section class=\"wpb-content-wrapper\"><div data-vc-full-width=\"true\" data-vc-full-width-init=\"false\" class=\"vc_row wpb_row row top-row vc_custom_1527711405138 vc_row-has-fill\"><div class=\"vc_column_container col-md-12\"><div class=\"wpb_wrapper vc_column-inner\"><h2  class=\"vc_custom_heading align-left\" >Collaboration<\/h2><div class=\"porto-separator\"><hr class=\"separator-line  align_left\" style=\"background-image: -webkit-linear-gradient(left, #0dd5a6, transparent); background-image: linear-gradient(to right, #0dd5a6, transparent);height:3px;width:10%;\"><\/div>\n\t<div class=\"wpb_text_column wpb_content_element  vc_custom_1684253304402\" >\n\t\t<div class=\"wpb_wrapper\">\n\t\t\t<p class=\"lead\" style=\"text-align: justify;\">At the Institute of Innovative Medicine, we strongly believe in the power of partnership and collaboration. Working with other organizations allows us to take a more effective approach to healthcare challenges, enabling us to deliver even more innovative and efficient solutions in the field of medical care.<\/p>\n<p class=\"lead\" style=\"text-align: justify;\">Our partners include renowned institutions, technology companies, medical laboratories, research centers, and medical institutions that share our mission of improving healthcare through technology. We proudly present the logos of our partners below.<\/p>\n<p class=\"lead\" style=\"text-align: justify;\">We are always open to new opportunities for collaboration and partnerships. If you are interested in working with us, please don't hesitate to contact us. Together, we can contribute to shaping the future of medicine.<\/p>\n\n\t\t<\/div>\n\t<\/div>\n<\/div><\/div><\/div><div class=\"vc_row-full-width vc_clearfix\"><\/div><div id=\"onas\" data-vc-full-width=\"true\" data-vc-full-width-init=\"false\" class=\"vc_row wpb_row row top-row vc_custom_1684270637121 vc_row-has-fill vc_row-o-content-bottom vc_row-flex\"><div class=\"vc_column_container col-md-12\"><div class=\"wpb_wrapper vc_column-inner\"><h2  class=\"vc_custom_heading align-left\" >Partners<\/h2><div class=\"porto-separator\"><hr class=\"separator-line  vc_custom_1527623279184 align_left\" style=\"background-image: -webkit-linear-gradient(left, #0dd5a6, transparent); background-image: linear-gradient(to right, #0dd5a6, transparent);height:3px;width:10%;\"><\/div><div class=\"porto-gallery has-ccols ccols-1 has-ccols-spacing ccols-sm-2 ccols-md-3 ccols-lg-4 ccols-xl-5 wpb_custom_ba52e9d1d4ab082d17874cee74679bcd porto-gallery-grid align-items-center hehe\"><figure><img width=\"2272\" height=\"880\" src=\"http:\/\/imi4you.eu\/wp-content\/uploads\/2023\/05\/Philips-logo-wordmark.png\" class=\"attachment-full size-full\" alt=\"\" decoding=\"async\" loading=\"lazy\" srcset=\"http:\/\/imi4you.eu\/wp-content\/uploads\/2023\/05\/Philips-logo-wordmark.png 2272w, http:\/\/imi4you.eu\/wp-content\/uploads\/2023\/05\/Philips-logo-wordmark-1024x397.png 1024w, http:\/\/imi4you.eu\/wp-content\/uploads\/2023\/05\/Philips-logo-wordmark-768x297.png 768w, http:\/\/imi4you.eu\/wp-content\/uploads\/2023\/05\/Philips-logo-wordmark-1536x595.png 1536w, http:\/\/imi4you.eu\/wp-content\/uploads\/2023\/05\/Philips-logo-wordmark-2048x793.png 2048w, http:\/\/imi4you.eu\/wp-content\/uploads\/2023\/05\/Philips-logo-wordmark-640x248.png 640w, http:\/\/imi4you.eu\/wp-content\/uploads\/2023\/05\/Philips-logo-wordmark-400x155.png 400w\" sizes=\"(max-width: 2272px) 100vw, 2272px\" \/><\/figure><figure><img width=\"312\" height=\"162\" src=\"http:\/\/imi4you.eu\/wp-content\/uploads\/2023\/05\/pobrane.png\" class=\"attachment-full size-full\" alt=\"\" decoding=\"async\" loading=\"lazy\" \/><\/figure><figure><img width=\"567\" height=\"567\" src=\"http:\/\/imi4you.eu\/wp-content\/uploads\/2023\/05\/logo-300.jpg\" class=\"attachment-full size-full\" alt=\"\" decoding=\"async\" loading=\"lazy\" srcset=\"http:\/\/imi4you.eu\/wp-content\/uploads\/2023\/05\/logo-300.jpg 567w, http:\/\/imi4you.eu\/wp-content\/uploads\/2023\/05\/logo-300-400x400.jpg 400w\" sizes=\"(max-width: 567px) 100vw, 567px\" \/><\/figure><figure><img width=\"1000\" height=\"563\" src=\"http:\/\/imi4you.eu\/wp-content\/uploads\/2023\/05\/telemedica-1000x563-1.jpg\" class=\"attachment-full size-full\" alt=\"\" decoding=\"async\" loading=\"lazy\" srcset=\"http:\/\/imi4you.eu\/wp-content\/uploads\/2023\/05\/telemedica-1000x563-1.jpg 1000w, http:\/\/imi4you.eu\/wp-content\/uploads\/2023\/05\/telemedica-1000x563-1-768x432.jpg 768w, http:\/\/imi4you.eu\/wp-content\/uploads\/2023\/05\/telemedica-1000x563-1-640x360.jpg 640w, http:\/\/imi4you.eu\/wp-content\/uploads\/2023\/05\/telemedica-1000x563-1-400x225.jpg 400w\" sizes=\"(max-width: 1000px) 100vw, 1000px\" \/><\/figure><figure><img width=\"1533\" height=\"512\" src=\"http:\/\/imi4you.eu\/wp-content\/uploads\/2023\/05\/infermedica-logo-color.png\" class=\"attachment-full size-full\" alt=\"\" decoding=\"async\" loading=\"lazy\" srcset=\"http:\/\/imi4you.eu\/wp-content\/uploads\/2023\/05\/infermedica-logo-color.png 1533w, http:\/\/imi4you.eu\/wp-content\/uploads\/2023\/05\/infermedica-logo-color-1024x342.png 1024w, http:\/\/imi4you.eu\/wp-content\/uploads\/2023\/05\/infermedica-logo-color-768x257.png 768w, http:\/\/imi4you.eu\/wp-content\/uploads\/2023\/05\/infermedica-logo-color-640x214.png 640w, http:\/\/imi4you.eu\/wp-content\/uploads\/2023\/05\/infermedica-logo-color-400x134.png 400w\" sizes=\"(max-width: 1533px) 100vw, 1533px\" \/><\/figure><figure><img width=\"900\" height=\"500\" src=\"http:\/\/imi4you.eu\/wp-content\/uploads\/2023\/05\/stethome-logo-vector.png\" class=\"attachment-full size-full\" alt=\"\" decoding=\"async\" loading=\"lazy\" srcset=\"http:\/\/imi4you.eu\/wp-content\/uploads\/2023\/05\/stethome-logo-vector.png 900w, http:\/\/imi4you.eu\/wp-content\/uploads\/2023\/05\/stethome-logo-vector-768x427.png 768w, http:\/\/imi4you.eu\/wp-content\/uploads\/2023\/05\/stethome-logo-vector-640x356.png 640w, http:\/\/imi4you.eu\/wp-content\/uploads\/2023\/05\/stethome-logo-vector-400x222.png 400w\" sizes=\"(max-width: 900px) 100vw, 900px\" \/><\/figure><figure><img width=\"300\" height=\"300\" src=\"http:\/\/imi4you.eu\/wp-content\/uploads\/2023\/05\/medipment_logo_www-300x300-1.png\" class=\"attachment-full size-full\" alt=\"\" decoding=\"async\" loading=\"lazy\" \/><\/figure><figure><img width=\"800\" height=\"393\" src=\"http:\/\/imi4you.eu\/wp-content\/uploads\/2023\/05\/termedia-immunoterapia.jpg\" class=\"attachment-full size-full\" alt=\"\" decoding=\"async\" loading=\"lazy\" srcset=\"http:\/\/imi4you.eu\/wp-content\/uploads\/2023\/05\/termedia-immunoterapia.jpg 800w, http:\/\/imi4you.eu\/wp-content\/uploads\/2023\/05\/termedia-immunoterapia-768x377.jpg 768w, http:\/\/imi4you.eu\/wp-content\/uploads\/2023\/05\/termedia-immunoterapia-640x314.jpg 640w, http:\/\/imi4you.eu\/wp-content\/uploads\/2023\/05\/termedia-immunoterapia-400x197.jpg 400w\" sizes=\"(max-width: 800px) 100vw, 800px\" \/><\/figure><figure><img width=\"1000\" height=\"388\" src=\"http:\/\/imi4you.eu\/wp-content\/uploads\/2023\/05\/prawo_pl1.jpg\" class=\"attachment-full size-full\" alt=\"\" decoding=\"async\" loading=\"lazy\" srcset=\"http:\/\/imi4you.eu\/wp-content\/uploads\/2023\/05\/prawo_pl1.jpg 1000w, http:\/\/imi4you.eu\/wp-content\/uploads\/2023\/05\/prawo_pl1-768x298.jpg 768w, http:\/\/imi4you.eu\/wp-content\/uploads\/2023\/05\/prawo_pl1-640x248.jpg 640w, http:\/\/imi4you.eu\/wp-content\/uploads\/2023\/05\/prawo_pl1-400x155.jpg 400w\" sizes=\"(max-width: 1000px) 100vw, 1000px\" \/><\/figure><figure><img width=\"200\" height=\"200\" src=\"http:\/\/imi4you.eu\/wp-content\/uploads\/2023\/05\/Polskie-Stowarzyszenie-Dyrektorow-Szpitali-logo-transparent.webp\" class=\"attachment-full size-full\" alt=\"\" decoding=\"async\" loading=\"lazy\" \/><\/figure><figure><img width=\"300\" height=\"80\" src=\"http:\/\/imi4you.eu\/wp-content\/uploads\/2023\/05\/logo-new.png\" class=\"attachment-full size-full\" alt=\"\" decoding=\"async\" loading=\"lazy\" \/><\/figure><figure><img width=\"2729\" height=\"867\" src=\"http:\/\/imi4you.eu\/wp-content\/uploads\/2023\/05\/logo-eahm.eu_.org_.png\" class=\"attachment-full size-full\" alt=\"\" decoding=\"async\" loading=\"lazy\" srcset=\"http:\/\/imi4you.eu\/wp-content\/uploads\/2023\/05\/logo-eahm.eu_.org_.png 2729w, http:\/\/imi4you.eu\/wp-content\/uploads\/2023\/05\/logo-eahm.eu_.org_-1024x325.png 1024w, http:\/\/imi4you.eu\/wp-content\/uploads\/2023\/05\/logo-eahm.eu_.org_-768x244.png 768w, http:\/\/imi4you.eu\/wp-content\/uploads\/2023\/05\/logo-eahm.eu_.org_-1536x488.png 1536w, http:\/\/imi4you.eu\/wp-content\/uploads\/2023\/05\/logo-eahm.eu_.org_-2048x651.png 2048w, http:\/\/imi4you.eu\/wp-content\/uploads\/2023\/05\/logo-eahm.eu_.org_-640x203.png 640w, http:\/\/imi4you.eu\/wp-content\/uploads\/2023\/05\/logo-eahm.eu_.org_-400x127.png 400w\" sizes=\"(max-width: 2729px) 100vw, 2729px\" \/><\/figure><figure><img width=\"980\" height=\"166\" src=\"http:\/\/imi4you.eu\/wp-content\/uploads\/2023\/05\/logo.jpg\" class=\"attachment-full size-full\" alt=\"\" decoding=\"async\" loading=\"lazy\" srcset=\"http:\/\/imi4you.eu\/wp-content\/uploads\/2023\/05\/logo.jpg 980w, http:\/\/imi4you.eu\/wp-content\/uploads\/2023\/05\/logo-768x130.jpg 768w, http:\/\/imi4you.eu\/wp-content\/uploads\/2023\/05\/logo-640x108.jpg 640w, http:\/\/imi4you.eu\/wp-content\/uploads\/2023\/05\/logo-400x68.jpg 400w\" sizes=\"(max-width: 980px) 100vw, 980px\" \/><\/figure><figure><img width=\"540\" height=\"210\" src=\"http:\/\/imi4you.eu\/wp-content\/uploads\/2023\/05\/Polska-Federacja-Szpitali-PFSz-logo-new-medium.webp\" class=\"attachment-full size-full\" alt=\"\" decoding=\"async\" loading=\"lazy\" srcset=\"http:\/\/imi4you.eu\/wp-content\/uploads\/2023\/05\/Polska-Federacja-Szpitali-PFSz-logo-new-medium.webp 540w, http:\/\/imi4you.eu\/wp-content\/uploads\/2023\/05\/Polska-Federacja-Szpitali-PFSz-logo-new-medium-400x156.webp 400w\" sizes=\"(max-width: 540px) 100vw, 540px\" \/><\/figure><figure><img width=\"512\" height=\"228\" src=\"http:\/\/imi4you.eu\/wp-content\/uploads\/2023\/05\/PZU-zdrowie-logo.png\" class=\"attachment-full size-full\" alt=\"\" decoding=\"async\" loading=\"lazy\" srcset=\"http:\/\/imi4you.eu\/wp-content\/uploads\/2023\/05\/PZU-zdrowie-logo.png 512w, http:\/\/imi4you.eu\/wp-content\/uploads\/2023\/05\/PZU-zdrowie-logo-400x178.png 400w\" sizes=\"(max-width: 512px) 100vw, 512px\" \/><\/figure><figure><img width=\"1280\" height=\"256\" src=\"http:\/\/imi4you.eu\/wp-content\/uploads\/2023\/05\/Philips_logo.svg_.png\" class=\"attachment-full size-full\" alt=\"\" decoding=\"async\" loading=\"lazy\" srcset=\"http:\/\/imi4you.eu\/wp-content\/uploads\/2023\/05\/Philips_logo.svg_.png 1280w, http:\/\/imi4you.eu\/wp-content\/uploads\/2023\/05\/Philips_logo.svg_-1024x205.png 1024w, http:\/\/imi4you.eu\/wp-content\/uploads\/2023\/05\/Philips_logo.svg_-768x154.png 768w, http:\/\/imi4you.eu\/wp-content\/uploads\/2023\/05\/Philips_logo.svg_-640x128.png 640w, http:\/\/imi4you.eu\/wp-content\/uploads\/2023\/05\/Philips_logo.svg_-400x80.png 400w\" sizes=\"(max-width: 1280px) 100vw, 1280px\" \/><\/figure><figure><img width=\"2560\" height=\"640\" src=\"http:\/\/imi4you.eu\/wp-content\/uploads\/2023\/05\/Siemens_Healthineers_logo.svg_.png\" class=\"attachment-full size-full\" alt=\"\" decoding=\"async\" loading=\"lazy\" srcset=\"http:\/\/imi4you.eu\/wp-content\/uploads\/2023\/05\/Siemens_Healthineers_logo.svg_.png 2560w, http:\/\/imi4you.eu\/wp-content\/uploads\/2023\/05\/Siemens_Healthineers_logo.svg_-1024x256.png 1024w, http:\/\/imi4you.eu\/wp-content\/uploads\/2023\/05\/Siemens_Healthineers_logo.svg_-768x192.png 768w, http:\/\/imi4you.eu\/wp-content\/uploads\/2023\/05\/Siemens_Healthineers_logo.svg_-1536x384.png 1536w, http:\/\/imi4you.eu\/wp-content\/uploads\/2023\/05\/Siemens_Healthineers_logo.svg_-2048x512.png 2048w, http:\/\/imi4you.eu\/wp-content\/uploads\/2023\/05\/Siemens_Healthineers_logo.svg_-640x160.png 640w, http:\/\/imi4you.eu\/wp-content\/uploads\/2023\/05\/Siemens_Healthineers_logo.svg_-400x100.png 400w\" sizes=\"(max-width: 2560px) 100vw, 2560px\" \/><\/figure><figure><img width=\"376\" height=\"234\" src=\"http:\/\/imi4you.eu\/wp-content\/uploads\/2023\/05\/cgm-logo-large-376.webp\" class=\"attachment-full size-full\" alt=\"\" decoding=\"async\" loading=\"lazy\" \/><\/figure><figure><img width=\"2332\" height=\"1224\" src=\"http:\/\/imi4you.eu\/wp-content\/uploads\/2023\/05\/asseco-logo.jpg\" class=\"attachment-full size-full\" alt=\"\" decoding=\"async\" loading=\"lazy\" srcset=\"http:\/\/imi4you.eu\/wp-content\/uploads\/2023\/05\/asseco-logo.jpg 2332w, http:\/\/imi4you.eu\/wp-content\/uploads\/2023\/05\/asseco-logo-1024x537.jpg 1024w, http:\/\/imi4you.eu\/wp-content\/uploads\/2023\/05\/asseco-logo-768x403.jpg 768w, http:\/\/imi4you.eu\/wp-content\/uploads\/2023\/05\/asseco-logo-1536x806.jpg 1536w, http:\/\/imi4you.eu\/wp-content\/uploads\/2023\/05\/asseco-logo-2048x1075.jpg 2048w, http:\/\/imi4you.eu\/wp-content\/uploads\/2023\/05\/asseco-logo-640x336.jpg 640w, http:\/\/imi4you.eu\/wp-content\/uploads\/2023\/05\/asseco-logo-400x210.jpg 400w\" sizes=\"(max-width: 2332px) 100vw, 2332px\" \/><\/figure><figure><img width=\"1000\" height=\"233\" src=\"http:\/\/imi4you.eu\/wp-content\/uploads\/2023\/05\/company_logo.png\" class=\"attachment-full size-full\" alt=\"\" decoding=\"async\" loading=\"lazy\" srcset=\"http:\/\/imi4you.eu\/wp-content\/uploads\/2023\/05\/company_logo.png 1000w, http:\/\/imi4you.eu\/wp-content\/uploads\/2023\/05\/company_logo-768x179.png 768w, http:\/\/imi4you.eu\/wp-content\/uploads\/2023\/05\/company_logo-640x149.png 640w, http:\/\/imi4you.eu\/wp-content\/uploads\/2023\/05\/company_logo-400x93.png 400w\" sizes=\"(max-width: 1000px) 100vw, 1000px\" \/><\/figure><figure><img width=\"270\" height=\"270\" src=\"http:\/\/imi4you.eu\/wp-content\/uploads\/2023\/05\/small_lideo-logo-jpg.jpg\" class=\"attachment-full size-full\" alt=\"\" decoding=\"async\" loading=\"lazy\" \/><\/figure><\/div><\/div><\/div><\/div><div class=\"vc_row-full-width vc_clearfix\"><\/div><div id=\"zapisy\" data-vc-full-width=\"true\" data-vc-full-width-init=\"false\" class=\"vc_row wpb_row row top-row vc_custom_1605281137434\"><div class=\"vc_column_container col-md-12\"><div class=\"wpb_wrapper vc_column-inner\"><h2 style=\"text-align: center\" class=\"vc_custom_heading\" >Application form<\/h2><div class=\"porto-separator\"><hr class=\"separator-line  vc_custom_1527684135524 align_center\" style=\"background-image: -webkit-linear-gradient(left, transparent, #0dd5a6, transparent); background-image: linear-gradient(to right, transparent, #0dd5a6, transparent);height:3px;width:10%;\"><\/div>\n\t<div class=\"wpb_text_column wpb_content_element  vc_custom_1684141681677\" >\n\t\t<div class=\"wpb_wrapper\">\n\t\t\t<p class=\"lead\" style=\"text-align: center;\">We are waiting for your questions! Would you like to learn more about how we introduce innovations in medicine, support the development of personalized and coordinated healthcare? Do you want to understand how our actions contribute to raising the standards of the European Union in hospitals? Contact us through our contact form. We are here to answer all your questions and help you better understand our mission. Don't wait, join us on an innovative journey towards better health!<\/p>\n\n\t\t<\/div>\n\t<\/div>\n<div class=\"vc_row wpb_row vc_inner row vc_custom_1527683362485\"><div class=\"vc_column_container col-md-3\"><div class=\"wpb_wrapper vc_column-inner\"><\/div><\/div><div class=\"vc_column_container col-md-6\"><div class=\"wpb_wrapper vc_column-inner\">\n<div class=\"wpcf7 no-js\" id=\"wpcf7-f343-o1\" lang=\"pl-PL\" dir=\"ltr\">\n<div class=\"screen-reader-response\"><p role=\"status\" aria-live=\"polite\" aria-atomic=\"true\"><\/p> <ul><\/ul><\/div>\n<form action=\"\/en\/wp-json\/wp\/v2\/pages\/518#wpcf7-f343-o1\" method=\"post\" class=\"wpcf7-form init\" aria-label=\"Contact Form\" novalidate=\"novalidate\" data-status=\"init\" data-trp-original-action=\"\/en\/wp-json\/wp\/v2\/pages\/518#wpcf7-f343-o1\">\n<div style=\"display: none;\">\n<input type=\"hidden\" name=\"_wpcf7\" value=\"343\" \/>\n<input type=\"hidden\" name=\"_wpcf7_version\" value=\"5.7.6\" \/>\n<input type=\"hidden\" name=\"_wpcf7_locale\" value=\"pl_PL\" \/>\n<input type=\"hidden\" name=\"_wpcf7_unit_tag\" value=\"wpcf7-f343-o1\" \/>\n<input type=\"hidden\" name=\"_wpcf7_container_post\" value=\"0\" \/>\n<input type=\"hidden\" name=\"_wpcf7_posted_data_hash\" value=\"\" \/>\n<\/div>\n<p><label> First Name and Last Name (required)<br \/>\n<span class=\"wpcf7-form-control-wrap\" data-name=\"your-name\"><input size=\"40\" class=\"wpcf7-form-control wpcf7-text wpcf7-validates-as-required\" aria-required=\"true\" aria-invalid=\"false\" value=\"\" type=\"text\" name=\"your-name\" \/><\/span> <\/label>\n<\/p>\n<p><label> Company Name (required)<br \/>\n<span class=\"wpcf7-form-control-wrap\" data-name=\"your-name\"><input size=\"40\" class=\"wpcf7-form-control wpcf7-text wpcf7-validates-as-required\" aria-required=\"true\" aria-invalid=\"false\" value=\"\" type=\"text\" name=\"your-name\" \/><\/span> <\/label>\n<\/p>\n<p><label> NIP (required)<br \/>\n<span class=\"wpcf7-form-control-wrap\" data-name=\"your-name\"><input size=\"40\" class=\"wpcf7-form-control wpcf7-text wpcf7-validates-as-required\" aria-required=\"true\" aria-invalid=\"false\" value=\"\" type=\"text\" name=\"your-name\" \/><\/span> <\/label>\n<\/p>\n<p><label> Contact Phone (required)<br \/>\n<span class=\"wpcf7-form-control-wrap\" data-name=\"your-name\"><input size=\"40\" class=\"wpcf7-form-control wpcf7-text wpcf7-validates-as-required\" aria-required=\"true\" aria-invalid=\"false\" value=\"\" type=\"text\" name=\"your-name\" \/><\/span> <\/label>\n<\/p>\n<p><label> Subject (required)<br \/>\n<span class=\"wpcf7-form-control-wrap\" data-name=\"menu-45\"><select class=\"wpcf7-form-control wpcf7-select\" aria-invalid=\"false\" name=\"menu-45\"><option value=\"Us\u0142uga doradcza\">Us\u0142uga doradcza<\/option><\/select><\/span> <\/label>\n<\/p>\n<p><input class=\"wpcf7-form-control has-spinner wpcf7-submit\" type=\"submit\" value=\"Submit your application\" \/>\n<\/p><div class=\"wpcf7-response-output\" aria-hidden=\"true\"><\/div>\n<input type=\"hidden\" name=\"trp-form-language\" value=\"en\"\/><\/form>\n<\/div>\n<\/div><\/div><div class=\"vc_column_container col-md-3\"><div class=\"wpb_wrapper vc_column-inner\"><\/div><\/div><\/div><\/div><\/div><\/div><div class=\"vc_row-full-width vc_clearfix\"><\/div><div id=\"kontakt\" data-vc-full-width=\"true\" data-vc-full-width-init=\"false\" class=\"vc_row wpb_row row top-row accent-bg vc_custom_1614556274545 vc_row-has-fill vc_row-o-equal-height vc_row-flex\"><div class=\"inside-white-box vc_column_container col-md-12\"><div class=\"wpb_wrapper vc_column-inner\"><div class=\"vc_row wpb_row vc_inner row\"><div class=\"vc_column_container col-md-12\"><div class=\"wpb_wrapper vc_column-inner\"><h4  class=\"vc_custom_heading align-left\" >Contact<\/h4><div class=\"porto-separator\"><hr class=\"separator-line  vc_custom_1527766557734 align_left\" style=\"background-image: -webkit-linear-gradient(left, #0dd5a6, transparent); background-image: linear-gradient(to right, #0dd5a6, transparent);height:3px;width:20%;\"><\/div>\n\t<div class=\"wpb_text_column wpb_content_element  vc_custom_1611824532338\" >\n\t\t<div class=\"wpb_wrapper\">\n\t\t\t<p>ul. Zab\u0142ocie 25\/4<br \/>\n30-701 Krak\u00f3w<br \/>\n<a href=\"mailto:info@imi4you.eu\">info@imi4you.eu<\/a><\/p>\n\n\t\t<\/div>\n\t<\/div>\n<\/div><\/div><\/div><div class=\"porto-separator\"><hr class=\"separator-line  vc_custom_1527766557734 align_left\" style=\"background-image: -webkit-linear-gradient(left, #0dd5a6, transparent); background-image: linear-gradient(to right, #0dd5a6, transparent);height:3px;width:20%;\"><\/div>\n\t<div class=\"wpb_text_column wpb_content_element\" >\n\t\t<div class=\"wpb_wrapper\">\n\t\t\t<p style=\"text-align: center;\"><a href=\"http:\/\/imi4you.eu\/wp-content\/uploads\/2021\/01\/Regulamin-szkolen.pdf\">REGULAMIN<\/a><\/p>\n\n\t\t<\/div>\n\t<\/div>\n<\/div><\/div><\/div><div class=\"vc_row-full-width vc_clearfix\"><\/div>\n<\/section>","protected":false},"excerpt":{"rendered":"Wsp\u00f3\u0142praca W Instytucie Medycyny Innowacyjnej mocno wierzymy w si\u0142\u0119 partnerstwa i wsp\u00f3\u0142pracy. Praca z innymi organizacjami pozwala nam na skuteczniejsze podej\u015bcie do wyzwa\u0144 zdrowotnych, dzi\u0119ki czemu mo\u017cemy dostarcza\u0107 jeszcze bardziej innowacyjne i efektywne rozwi\u0105zania w dziedzinie opieki medycznej. Nasi partnerzy to renomowane instytucje, firmy technologiczne, laboratoria medyczne, o\u015brodki badawcze i instytucje medyczne, kt\u00f3re podzielaj\u0105 nasz\u0105 [...]","protected":false},"author":1,"featured_media":0,"parent":0,"menu_order":0,"comment_status":"closed","ping_status":"closed","template":"","meta":[],"_links":{"self":[{"href":"http:\/\/imi4you.eu\/en\/wp-json\/wp\/v2\/pages\/518"}],"collection":[{"href":"http:\/\/imi4you.eu\/en\/wp-json\/wp\/v2\/pages"}],"about":[{"href":"http:\/\/imi4you.eu\/en\/wp-json\/wp\/v2\/types\/page"}],"author":[{"embeddable":true,"href":"http:\/\/imi4you.eu\/en\/wp-json\/wp\/v2\/users\/1"}],"replies":[{"embeddable":true,"href":"http:\/\/imi4you.eu\/en\/wp-json\/wp\/v2\/comments?post=518"}],"version-history":[{"count":12,"href":"http:\/\/imi4you.eu\/en\/wp-json\/wp\/v2\/pages\/518\/revisions"}],"predecessor-version":[{"id":607,"href":"http:\/\/imi4you.eu\/en\/wp-json\/wp\/v2\/pages\/518\/revisions\/607"}],"wp:attachment":[{"href":"http:\/\/imi4you.eu\/en\/wp-json\/wp\/v2\/media?parent=518"}],"curies":[{"name":"wp","href":"https:\/\/api.w.org\/{rel}","templated":true}]}}