{"id":464,"date":"2023-05-16T11:31:31","date_gmt":"2023-05-16T11:31:31","guid":{"rendered":"http:\/\/imi4you.eu\/?page_id=464"},"modified":"2023-05-16T12:41:25","modified_gmt":"2023-05-16T12:41:25","slug":"amigoo","status":"publish","type":"page","link":"http:\/\/imi4you.eu\/en\/amigoo\/","title":{"rendered":"Amigoo"},"content":{"rendered":"<section class=\"wpb-content-wrapper\"><div data-vc-full-width=\"true\" data-vc-full-width-init=\"false\" class=\"vc_row wpb_row row top-row vc_custom_1527711405138 vc_row-has-fill\"><div class=\"vc_column_container col-md-12\"><div class=\"wpb_wrapper vc_column-inner\"><h2  class=\"vc_custom_heading align-left\" >Amigoo<\/h2><div class=\"porto-separator\"><hr class=\"separator-line  align_left\" style=\"background-image: -webkit-linear-gradient(left, #0dd5a6, transparent); background-image: linear-gradient(to right, #0dd5a6, transparent);height:3px;width:10%;\"><\/div>\n\t<div class=\"wpb_text_column wpb_content_element  vc_custom_1684240695327\" >\n\t\t<div class=\"wpb_wrapper\">\n\t\t\t<p class=\"lead\" style=\"text-align: justify;\">The Digital Platform Amigoo by Institute of Innovative Medicine Ltd. ensures the integration and coordination of next-generation personalized healthcare using artificial intelligence (AI).<\/p>\n<p class=\"lead\" style=\"text-align: justify;\">It integrates the AI Patient Account, where test results and symptoms are stored, with the Coordinated Medical Care service, which encompasses diagnostics, treatment, rehabilitation, health monitoring, and health coaching.<\/p>\n<p class=\"lead\" style=\"text-align: justify;\">We ensure the implementation of Coordinated Medical Care services for Primary Care Physicians' Offices in accordance with the regulations of the Minister of Health dated September 15, 2022, and the President of the National Health Fund's decree No. 124\/2022\/DSOZ.<\/p>\n\n\t\t<\/div>\n\t<\/div>\n<div class=\"vc_row wpb_row vc_inner row\"><div class=\"vc_column_container col-md-6\"><div class=\"wpb_wrapper vc_column-inner\">\n\t<div class=\"wpb_text_column wpb_content_element\" >\n\t\t<div class=\"wpb_wrapper\">\n\t\t\t<p class=\"lead\" style=\"text-align: justify;\">Amigoo enables the integration of Occupational Medicine Clinic services, in accordance with the regulation of the Minister of Health dated November 12, 2020, with the services of Primary Care Clinics (POZ) and Specialist Outpatient Clinics (AOS) provided under the National Health Fund (NFZ), as well as through subscription plans and commercial and private insurance services. It provides the ability to register patients in a 24\/7 system without the need for phone calls, using the application and Virtual AI Medical Assistant.<\/p>\n<p class=\"lead\" style=\"text-align: justify;\">Through Amigoo, patients can send e-prescriptions, e-referrals, and e-orders from their account. They can also schedule virtual or in-person appointments at a Primary Care Physician's Office.<\/p>\n\n\t\t<\/div>\n\t<\/div>\n<\/div><\/div><div class=\"vc_column_container col-md-6\"><div class=\"wpb_wrapper vc_column-inner\">\r\n\t<div class=\"wpb_single_image wpb_content_element vc_align_center\">\r\n\t\t<div class=\"wpb_wrapper\">\r\n\t\t\t\r\n\t\t\t<div class=\"vc_single_image-wrapper   vc_box_border_grey\"><img width=\"1600\" height=\"1048\" src=\"http:\/\/imi4you.eu\/wp-content\/uploads\/2023\/05\/Projekt-bez-tytulu-5.jpg\" class=\"vc_single_image-img attachment-full\" alt=\"\" decoding=\"async\" loading=\"lazy\" title=\"Projekt-bez-tytulu-5\" srcset=\"http:\/\/imi4you.eu\/wp-content\/uploads\/2023\/05\/Projekt-bez-tytulu-5.jpg 1600w, http:\/\/imi4you.eu\/wp-content\/uploads\/2023\/05\/Projekt-bez-tytulu-5-1024x671.jpg 1024w, http:\/\/imi4you.eu\/wp-content\/uploads\/2023\/05\/Projekt-bez-tytulu-5-768x503.jpg 768w, http:\/\/imi4you.eu\/wp-content\/uploads\/2023\/05\/Projekt-bez-tytulu-5-1536x1006.jpg 1536w, http:\/\/imi4you.eu\/wp-content\/uploads\/2023\/05\/Projekt-bez-tytulu-5-560x367.jpg 560w\" sizes=\"(max-width: 1600px) 100vw, 1600px\" \/><\/div>\r\n\t\t<\/div>\r\n\t<\/div>\r\n<\/div><\/div><\/div>\n\t<div class=\"wpb_text_column wpb_content_element\" >\n\t\t<div class=\"wpb_wrapper\">\n\t\t\t<p class=\"lead\" style=\"text-align: justify;\">It provides personalized patient support through the AI Virtual Medical Assistant for Patients. It also enables communication with patients in a 24\/7 system through the Reception module, using SMS, chat, and Facebook messaging. This increases the efficiency of medical facilities and registration systems.<\/p>\n<p class=\"lead\" style=\"text-align: justify;\">It enables continuous health monitoring and treatment progress according to the Value-Based Healthcare model, aiming to achieve optimal health benefits through individualized care plans using innovative methods and technologies. It facilitates the provision of dietary and psychological support services, as well as health coaching.<\/p>\n<p class=\"lead\" style=\"text-align: justify;\">The Amigoo Platform by Institute of Innovative Medicine Ltd. is the most innovative IT solution and intelligent support system used in coordinated and integrated healthcare in Poland.<\/p>\n<p class=\"lead\" style=\"text-align: justify;\">The Amigoo software is currently being implemented as part of a pilot implementation in <a href=\"https:\/\/imicare.pl\">Medical Center IMIcare<\/a> conducted by the Institute of Innovative Medicine.<\/p>\n\n\t\t<\/div>\n\t<\/div>\n<\/div><\/div><\/div><div class=\"vc_row-full-width vc_clearfix\"><\/div><div id=\"zapisy\" data-vc-full-width=\"true\" data-vc-full-width-init=\"false\" class=\"vc_row wpb_row row top-row vc_custom_1605281137434\"><div class=\"vc_column_container col-md-12\"><div class=\"wpb_wrapper vc_column-inner\"><h2 style=\"text-align: center\" class=\"vc_custom_heading\" >Application form<\/h2><div class=\"porto-separator\"><hr class=\"separator-line  vc_custom_1527684135524 align_center\" style=\"background-image: -webkit-linear-gradient(left, transparent, #0dd5a6, transparent); background-image: linear-gradient(to right, transparent, #0dd5a6, transparent);height:3px;width:10%;\"><\/div>\n\t<div class=\"wpb_text_column wpb_content_element  vc_custom_1684141681677\" >\n\t\t<div class=\"wpb_wrapper\">\n\t\t\t<p class=\"lead\" style=\"text-align: center;\">We are waiting for your questions! Would you like to learn more about how we introduce innovations in medicine, support the development of personalized and coordinated healthcare? Do you want to understand how our actions contribute to raising the standards of the European Union in hospitals? Contact us through our contact form. We are here to answer all your questions and help you better understand our mission. Don't wait, join us on an innovative journey towards better health!<\/p>\n\n\t\t<\/div>\n\t<\/div>\n<div class=\"vc_row wpb_row vc_inner row vc_custom_1527683362485\"><div class=\"vc_column_container col-md-3\"><div class=\"wpb_wrapper vc_column-inner\"><\/div><\/div><div class=\"vc_column_container col-md-6\"><div class=\"wpb_wrapper vc_column-inner\">\n<div class=\"wpcf7 no-js\" id=\"wpcf7-f343-o1\" lang=\"pl-PL\" dir=\"ltr\">\n<div class=\"screen-reader-response\"><p role=\"status\" aria-live=\"polite\" aria-atomic=\"true\"><\/p> <ul><\/ul><\/div>\n<form action=\"\/en\/wp-json\/wp\/v2\/pages\/464#wpcf7-f343-o1\" method=\"post\" class=\"wpcf7-form init\" aria-label=\"Contact Form\" novalidate=\"novalidate\" data-status=\"init\" data-trp-original-action=\"\/en\/wp-json\/wp\/v2\/pages\/464#wpcf7-f343-o1\">\n<div style=\"display: none;\">\n<input type=\"hidden\" name=\"_wpcf7\" value=\"343\" \/>\n<input type=\"hidden\" name=\"_wpcf7_version\" value=\"5.7.6\" \/>\n<input type=\"hidden\" name=\"_wpcf7_locale\" value=\"pl_PL\" \/>\n<input type=\"hidden\" name=\"_wpcf7_unit_tag\" value=\"wpcf7-f343-o1\" \/>\n<input type=\"hidden\" name=\"_wpcf7_container_post\" value=\"0\" \/>\n<input type=\"hidden\" name=\"_wpcf7_posted_data_hash\" value=\"\" \/>\n<\/div>\n<p><label> First Name and Last Name (required)<br \/>\n<span class=\"wpcf7-form-control-wrap\" data-name=\"your-name\"><input size=\"40\" class=\"wpcf7-form-control wpcf7-text wpcf7-validates-as-required\" aria-required=\"true\" aria-invalid=\"false\" value=\"\" type=\"text\" name=\"your-name\" \/><\/span> <\/label>\n<\/p>\n<p><label> Company Name (required)<br \/>\n<span class=\"wpcf7-form-control-wrap\" data-name=\"your-name\"><input size=\"40\" class=\"wpcf7-form-control wpcf7-text wpcf7-validates-as-required\" aria-required=\"true\" aria-invalid=\"false\" value=\"\" type=\"text\" name=\"your-name\" \/><\/span> <\/label>\n<\/p>\n<p><label> NIP (required)<br \/>\n<span class=\"wpcf7-form-control-wrap\" data-name=\"your-name\"><input size=\"40\" class=\"wpcf7-form-control wpcf7-text wpcf7-validates-as-required\" aria-required=\"true\" aria-invalid=\"false\" value=\"\" type=\"text\" name=\"your-name\" \/><\/span> <\/label>\n<\/p>\n<p><label> Contact Phone (required)<br \/>\n<span class=\"wpcf7-form-control-wrap\" data-name=\"your-name\"><input size=\"40\" class=\"wpcf7-form-control wpcf7-text wpcf7-validates-as-required\" aria-required=\"true\" aria-invalid=\"false\" value=\"\" type=\"text\" name=\"your-name\" \/><\/span> <\/label>\n<\/p>\n<p><label> Subject (required)<br \/>\n<span class=\"wpcf7-form-control-wrap\" data-name=\"menu-45\"><select class=\"wpcf7-form-control wpcf7-select\" aria-invalid=\"false\" name=\"menu-45\"><option value=\"Us\u0142uga doradcza\">Us\u0142uga doradcza<\/option><\/select><\/span> <\/label>\n<\/p>\n<p><input class=\"wpcf7-form-control has-spinner wpcf7-submit\" type=\"submit\" value=\"Submit your application\" \/>\n<\/p><div class=\"wpcf7-response-output\" aria-hidden=\"true\"><\/div>\n<input type=\"hidden\" name=\"trp-form-language\" value=\"en\"\/><\/form>\n<\/div>\n<\/div><\/div><div class=\"vc_column_container col-md-3\"><div class=\"wpb_wrapper vc_column-inner\"><\/div><\/div><\/div><\/div><\/div><\/div><div class=\"vc_row-full-width vc_clearfix\"><\/div><div id=\"kontakt\" data-vc-full-width=\"true\" data-vc-full-width-init=\"false\" class=\"vc_row wpb_row row top-row accent-bg vc_custom_1614556274545 vc_row-has-fill vc_row-o-equal-height vc_row-flex\"><div class=\"inside-white-box vc_column_container col-md-12\"><div class=\"wpb_wrapper vc_column-inner\"><div class=\"vc_row wpb_row vc_inner row\"><div class=\"vc_column_container col-md-12\"><div class=\"wpb_wrapper vc_column-inner\"><h4  class=\"vc_custom_heading align-left\" >Contact<\/h4><div class=\"porto-separator\"><hr class=\"separator-line  vc_custom_1527766557734 align_left\" style=\"background-image: -webkit-linear-gradient(left, #0dd5a6, transparent); background-image: linear-gradient(to right, #0dd5a6, transparent);height:3px;width:20%;\"><\/div>\n\t<div class=\"wpb_text_column wpb_content_element  vc_custom_1611824532338\" >\n\t\t<div class=\"wpb_wrapper\">\n\t\t\t<p>ul. Zab\u0142ocie 25\/4<br \/>\n30-701 Krak\u00f3w<br \/>\n<a href=\"mailto:info@imi4you.eu\">info@imi4you.eu<\/a><\/p>\n\n\t\t<\/div>\n\t<\/div>\n<\/div><\/div><\/div><div class=\"porto-separator\"><hr class=\"separator-line  vc_custom_1527766557734 align_left\" style=\"background-image: -webkit-linear-gradient(left, #0dd5a6, transparent); background-image: linear-gradient(to right, #0dd5a6, transparent);height:3px;width:20%;\"><\/div>\n\t<div class=\"wpb_text_column wpb_content_element\" >\n\t\t<div class=\"wpb_wrapper\">\n\t\t\t<p style=\"text-align: center;\"><a href=\"http:\/\/imi4you.eu\/wp-content\/uploads\/2021\/01\/Regulamin-szkolen.pdf\">REGULAMIN<\/a><\/p>\n\n\t\t<\/div>\n\t<\/div>\n<\/div><\/div><\/div><div class=\"vc_row-full-width vc_clearfix\"><\/div>\n<\/section>","protected":false},"excerpt":{"rendered":"Amigoo Cyfrowa Platforma Amigoo Instytutu Medycyny Innowacyjnej sp. z o.o. zapewnia integracje i koordynacj\u0119 personalizowanej opieki medycznej nowej generacji z wykorzystaniem sztucznej inteligencji AI. Integruje Konto Pacjenta AI na kt\u00f3rym gromadzone s\u0105 wyniki bada\u0144 oraz objawy chorobowe z us\u0142ug\u0105 Koordynowanej Opieki Medycznej w zakresie diagnostyki, leczenia i rehabilitacji oraz monitorowaniem zdrowia i coachingiem zdrowotnym. Zapewniamy [...]","protected":false},"author":1,"featured_media":0,"parent":0,"menu_order":0,"comment_status":"closed","ping_status":"closed","template":"","meta":[],"_links":{"self":[{"href":"http:\/\/imi4you.eu\/en\/wp-json\/wp\/v2\/pages\/464"}],"collection":[{"href":"http:\/\/imi4you.eu\/en\/wp-json\/wp\/v2\/pages"}],"about":[{"href":"http:\/\/imi4you.eu\/en\/wp-json\/wp\/v2\/types\/page"}],"author":[{"embeddable":true,"href":"http:\/\/imi4you.eu\/en\/wp-json\/wp\/v2\/users\/1"}],"replies":[{"embeddable":true,"href":"http:\/\/imi4you.eu\/en\/wp-json\/wp\/v2\/comments?post=464"}],"version-history":[{"count":4,"href":"http:\/\/imi4you.eu\/en\/wp-json\/wp\/v2\/pages\/464\/revisions"}],"predecessor-version":[{"id":496,"href":"http:\/\/imi4you.eu\/en\/wp-json\/wp\/v2\/pages\/464\/revisions\/496"}],"wp:attachment":[{"href":"http:\/\/imi4you.eu\/en\/wp-json\/wp\/v2\/media?parent=464"}],"curies":[{"name":"wp","href":"https:\/\/api.w.org\/{rel}","templated":true}]}}