{"id":458,"date":"2023-05-16T10:51:32","date_gmt":"2023-05-16T10:51:32","guid":{"rendered":"http:\/\/imi4you.eu\/?page_id=458"},"modified":"2023-05-17T14:17:29","modified_gmt":"2023-05-17T14:17:29","slug":"cito","status":"publish","type":"page","link":"http:\/\/imi4you.eu\/en\/cito\/","title":{"rendered":"CITO"},"content":{"rendered":"<section class=\"wpb-content-wrapper\"><div data-vc-full-width=\"true\" data-vc-full-width-init=\"false\" class=\"vc_row wpb_row row top-row vc_custom_1527711405138 vc_row-has-fill\"><div class=\"vc_column_container col-md-12\"><div class=\"wpb_wrapper vc_column-inner\"><h2  class=\"vc_custom_heading align-left\" >Center for Innovative Oncology Therapies<\/h2><div class=\"porto-separator\"><hr class=\"separator-line  align_left\" style=\"background-image: -webkit-linear-gradient(left, #0dd5a6, transparent); background-image: linear-gradient(to right, #0dd5a6, transparent);height:3px;width:10%;\"><\/div>\n\t<div class=\"wpb_text_column wpb_content_element  vc_custom_1684332753727\" >\n\t\t<div class=\"wpb_wrapper\">\n\t\t\t<p class=\"lead\" style=\"text-align: justify;\">Centrum Innowacyjnych Terapii Onkologicznych prowadzi dzia\u0142alno\u015b\u0107 w strukturach <a href=\"https:\/\/imicare.pl\">Medical Center IMIcare<\/a> in Cracow.<\/p>\n<p class=\"lead\" style=\"text-align: justify;\">Our goal is to support coordinated and integrated oncology care through the use of AI algorithms and to develop innovative treatments for rare and genetic diseases by employing advanced diagnostic tests and intelligent IT systems using artificial intelligence. Additionally, we aim to improve access to innovative therapies.<\/p>\n<p class=\"lead\" style=\"text-align: justify;\">By improving access to laboratory research and innovative diagnostic tests in the field of clinical genomics and metabolomics, we facilitate early detection and personalized treatment selection for cancer, rare diseases, metabolic disorders, and genetic diseases. The availability of both tests and therapies in Poland and Central-Eastern European countries remains limited. Therefore, our efforts encompass the following:<\/p>\n\n\t\t<\/div>\n\t<\/div>\n<div class=\"vc_row wpb_row vc_inner row\"><div class=\"vc_column_container col-md-6\"><div class=\"wpb_wrapper vc_column-inner\">\n\t<div class=\"wpb_text_column wpb_content_element\" >\n\t\t<div class=\"wpb_wrapper\">\n\t\t\t<ul>\n<li>\n<p class=\"lead\" style=\"text-align: justify;\">Implementing molecular diagnostics methods in the detection of cancer, rare diseases, and genetic disorders.<\/p>\n<\/li>\n<li>\n<p class=\"lead\" style=\"text-align: justify;\">Personalized therapy selection and monitoring treatment efficacy through clinical trials.<\/p>\n<\/li>\n<li>\n<p class=\"lead\" style=\"text-align: justify;\">Genetic predisposition testing for cancer, rare diseases, and genetic disorders.<\/p>\n<\/li>\n<li>\n<p class=\"lead\" style=\"text-align: justify;\">Performing screening tests for cancer and rare diseases in asymptomatic individuals.<\/p>\n<\/li>\n<li>\n<p class=\"lead\" style=\"text-align: justify;\">Detecting, monitoring, and treating coexisting conditions in cancer patients and those with rare diseases.<\/p>\n<\/li>\n<li>\n<p class=\"lead\" style=\"text-align: justify;\">Developing the Intelligent Support System CitoTest, which assists in the selection and generation of referrals for diagnostic tests and their interpretation using AI.<\/p>\n<\/li>\n<li>\n<p class=\"lead\" style=\"text-align: justify;\">Thanks to our algorithms and software, patients, physicians, and medical staff receive an optimal list of tests tailored to their symptoms and selected health issues.<\/p>\n<\/li>\n<\/ul>\n<p class=\"lead\" style=\"text-align: justify;\">Informacje na temat dost\u0119pnych diagnoz i terapii dost\u0119pne s\u0105 na <a href=\"https:\/\/citotest.eu\/\">citotest.eu<\/a><\/p>\n\n\t\t<\/div>\n\t<\/div>\n<\/div><\/div><div class=\"vc_column_container col-md-6\"><div class=\"wpb_wrapper vc_column-inner\">\r\n\t<div class=\"wpb_single_image wpb_content_element vc_align_left\">\r\n\t\t<div class=\"wpb_wrapper\">\r\n\t\t\t\r\n\t\t\t<div class=\"vc_single_image-wrapper   vc_box_border_grey\"><img width=\"1080\" height=\"1080\" src=\"http:\/\/imi4you.eu\/wp-content\/uploads\/2023\/05\/Projekt-bez-nazwy.png\" class=\"vc_single_image-img attachment-full\" alt=\"\" decoding=\"async\" loading=\"lazy\" title=\"Projekt bez nazwy\" srcset=\"http:\/\/imi4you.eu\/wp-content\/uploads\/2023\/05\/Projekt-bez-nazwy.png 1080w, http:\/\/imi4you.eu\/wp-content\/uploads\/2023\/05\/Projekt-bez-nazwy-1024x1024.png 1024w, http:\/\/imi4you.eu\/wp-content\/uploads\/2023\/05\/Projekt-bez-nazwy-768x768.png 768w, http:\/\/imi4you.eu\/wp-content\/uploads\/2023\/05\/Projekt-bez-nazwy-640x640.png 640w, http:\/\/imi4you.eu\/wp-content\/uploads\/2023\/05\/Projekt-bez-nazwy-400x400.png 400w\" sizes=\"(max-width: 1080px) 100vw, 1080px\" \/><\/div>\r\n\t\t<\/div>\r\n\t<\/div>\r\n<\/div><\/div><\/div><\/div><\/div><\/div><div class=\"vc_row-full-width vc_clearfix\"><\/div><div id=\"zapisy\" data-vc-full-width=\"true\" data-vc-full-width-init=\"false\" class=\"vc_row wpb_row row top-row vc_custom_1605281137434\"><div class=\"vc_column_container col-md-12\"><div class=\"wpb_wrapper vc_column-inner\"><h2 style=\"text-align: center\" class=\"vc_custom_heading\" >Application form<\/h2><div class=\"porto-separator\"><hr class=\"separator-line  vc_custom_1527684135524 align_center\" style=\"background-image: -webkit-linear-gradient(left, transparent, #0dd5a6, transparent); background-image: linear-gradient(to right, transparent, #0dd5a6, transparent);height:3px;width:10%;\"><\/div>\n\t<div class=\"wpb_text_column wpb_content_element  vc_custom_1684141681677\" >\n\t\t<div class=\"wpb_wrapper\">\n\t\t\t<p class=\"lead\" style=\"text-align: center;\">We are waiting for your questions! Would you like to learn more about how we introduce innovations in medicine, support the development of personalized and coordinated healthcare? Do you want to understand how our actions contribute to raising the standards of the European Union in hospitals? Contact us through our contact form. We are here to answer all your questions and help you better understand our mission. Don't wait, join us on an innovative journey towards better health!<\/p>\n\n\t\t<\/div>\n\t<\/div>\n<div class=\"vc_row wpb_row vc_inner row vc_custom_1527683362485\"><div class=\"vc_column_container col-md-3\"><div class=\"wpb_wrapper vc_column-inner\"><\/div><\/div><div class=\"vc_column_container col-md-6\"><div class=\"wpb_wrapper vc_column-inner\">\n<div class=\"wpcf7 no-js\" id=\"wpcf7-f343-o1\" lang=\"pl-PL\" dir=\"ltr\">\n<div class=\"screen-reader-response\"><p role=\"status\" aria-live=\"polite\" aria-atomic=\"true\"><\/p> <ul><\/ul><\/div>\n<form action=\"\/en\/wp-json\/wp\/v2\/pages\/458#wpcf7-f343-o1\" method=\"post\" class=\"wpcf7-form init\" aria-label=\"Contact Form\" novalidate=\"novalidate\" data-status=\"init\" data-trp-original-action=\"\/en\/wp-json\/wp\/v2\/pages\/458#wpcf7-f343-o1\">\n<div style=\"display: none;\">\n<input type=\"hidden\" name=\"_wpcf7\" value=\"343\" \/>\n<input type=\"hidden\" name=\"_wpcf7_version\" value=\"5.7.6\" \/>\n<input type=\"hidden\" name=\"_wpcf7_locale\" value=\"pl_PL\" \/>\n<input type=\"hidden\" name=\"_wpcf7_unit_tag\" value=\"wpcf7-f343-o1\" \/>\n<input type=\"hidden\" name=\"_wpcf7_container_post\" value=\"0\" \/>\n<input type=\"hidden\" name=\"_wpcf7_posted_data_hash\" value=\"\" \/>\n<\/div>\n<p><label> First Name and Last Name (required)<br \/>\n<span class=\"wpcf7-form-control-wrap\" data-name=\"your-name\"><input size=\"40\" class=\"wpcf7-form-control wpcf7-text wpcf7-validates-as-required\" aria-required=\"true\" aria-invalid=\"false\" value=\"\" type=\"text\" name=\"your-name\" \/><\/span> <\/label>\n<\/p>\n<p><label> Company Name (required)<br \/>\n<span class=\"wpcf7-form-control-wrap\" data-name=\"your-name\"><input size=\"40\" class=\"wpcf7-form-control wpcf7-text wpcf7-validates-as-required\" aria-required=\"true\" aria-invalid=\"false\" value=\"\" type=\"text\" name=\"your-name\" \/><\/span> <\/label>\n<\/p>\n<p><label> NIP (required)<br \/>\n<span class=\"wpcf7-form-control-wrap\" data-name=\"your-name\"><input size=\"40\" class=\"wpcf7-form-control wpcf7-text wpcf7-validates-as-required\" aria-required=\"true\" aria-invalid=\"false\" value=\"\" type=\"text\" name=\"your-name\" \/><\/span> <\/label>\n<\/p>\n<p><label> Contact Phone (required)<br \/>\n<span class=\"wpcf7-form-control-wrap\" data-name=\"your-name\"><input size=\"40\" class=\"wpcf7-form-control wpcf7-text wpcf7-validates-as-required\" aria-required=\"true\" aria-invalid=\"false\" value=\"\" type=\"text\" name=\"your-name\" \/><\/span> <\/label>\n<\/p>\n<p><label> Subject (required)<br \/>\n<span class=\"wpcf7-form-control-wrap\" data-name=\"menu-45\"><select class=\"wpcf7-form-control wpcf7-select\" aria-invalid=\"false\" name=\"menu-45\"><option value=\"Us\u0142uga doradcza\">Us\u0142uga doradcza<\/option><\/select><\/span> <\/label>\n<\/p>\n<p><input class=\"wpcf7-form-control has-spinner wpcf7-submit\" type=\"submit\" value=\"Submit your application\" \/>\n<\/p><div class=\"wpcf7-response-output\" aria-hidden=\"true\"><\/div>\n<input type=\"hidden\" name=\"trp-form-language\" value=\"en\"\/><\/form>\n<\/div>\n<\/div><\/div><div class=\"vc_column_container col-md-3\"><div class=\"wpb_wrapper vc_column-inner\"><\/div><\/div><\/div><\/div><\/div><\/div><div class=\"vc_row-full-width vc_clearfix\"><\/div><div id=\"kontakt\" data-vc-full-width=\"true\" data-vc-full-width-init=\"false\" class=\"vc_row wpb_row row top-row accent-bg vc_custom_1614556274545 vc_row-has-fill vc_row-o-equal-height vc_row-flex\"><div class=\"inside-white-box vc_column_container col-md-12\"><div class=\"wpb_wrapper vc_column-inner\"><div class=\"vc_row wpb_row vc_inner row\"><div class=\"vc_column_container col-md-12\"><div class=\"wpb_wrapper vc_column-inner\"><h4  class=\"vc_custom_heading align-left\" >Contact<\/h4><div class=\"porto-separator\"><hr class=\"separator-line  vc_custom_1527766557734 align_left\" style=\"background-image: -webkit-linear-gradient(left, #0dd5a6, transparent); background-image: linear-gradient(to right, #0dd5a6, transparent);height:3px;width:20%;\"><\/div>\n\t<div class=\"wpb_text_column wpb_content_element  vc_custom_1611824532338\" >\n\t\t<div class=\"wpb_wrapper\">\n\t\t\t<p>ul. Zab\u0142ocie 25\/4<br \/>\n30-701 Krak\u00f3w<br \/>\n<a href=\"mailto:info@imi4you.eu\">info@imi4you.eu<\/a><\/p>\n\n\t\t<\/div>\n\t<\/div>\n<\/div><\/div><\/div><div class=\"porto-separator\"><hr class=\"separator-line  vc_custom_1527766557734 align_left\" style=\"background-image: -webkit-linear-gradient(left, #0dd5a6, transparent); background-image: linear-gradient(to right, #0dd5a6, transparent);height:3px;width:20%;\"><\/div>\n\t<div class=\"wpb_text_column wpb_content_element\" >\n\t\t<div class=\"wpb_wrapper\">\n\t\t\t<p style=\"text-align: center;\"><a href=\"http:\/\/imi4you.eu\/wp-content\/uploads\/2021\/01\/Regulamin-szkolen.pdf\">REGULAMIN<\/a><\/p>\n\n\t\t<\/div>\n\t<\/div>\n<\/div><\/div><\/div><div class=\"vc_row-full-width vc_clearfix\"><\/div>\n<\/section>","protected":false},"excerpt":{"rendered":"Centrum Innowacyjnych Terapii Onkologicznych Centrum Innowacyjnych Terapii Onkologicznych prowadzi dzia\u0142alno\u015b\u0107 w strukturach Centrum Medycznego IMIcare w Krakowie. Naszym celem jest wspieranie koordynowanej i zintegrowanej opieki onkologicznej przy zastosowaniu algorytm\u00f3w AI oraz rozwijanie innowacyjnego leczenia chor\u00f3b rzadkich i genetycznych poprzez zastosowanie nowoczesnych test\u00f3w diagnostycznych i inteligentnych system\u00f3w IT z wykorzystaniem sztucznej inteligencji oraz popraw\u0119 dost\u0119pu do [...]","protected":false},"author":1,"featured_media":0,"parent":0,"menu_order":0,"comment_status":"closed","ping_status":"closed","template":"","meta":[],"_links":{"self":[{"href":"http:\/\/imi4you.eu\/en\/wp-json\/wp\/v2\/pages\/458"}],"collection":[{"href":"http:\/\/imi4you.eu\/en\/wp-json\/wp\/v2\/pages"}],"about":[{"href":"http:\/\/imi4you.eu\/en\/wp-json\/wp\/v2\/types\/page"}],"author":[{"embeddable":true,"href":"http:\/\/imi4you.eu\/en\/wp-json\/wp\/v2\/users\/1"}],"replies":[{"embeddable":true,"href":"http:\/\/imi4you.eu\/en\/wp-json\/wp\/v2\/comments?post=458"}],"version-history":[{"count":7,"href":"http:\/\/imi4you.eu\/en\/wp-json\/wp\/v2\/pages\/458\/revisions"}],"predecessor-version":[{"id":684,"href":"http:\/\/imi4you.eu\/en\/wp-json\/wp\/v2\/pages\/458\/revisions\/684"}],"wp:attachment":[{"href":"http:\/\/imi4you.eu\/en\/wp-json\/wp\/v2\/media?parent=458"}],"curies":[{"name":"wp","href":"https:\/\/api.w.org\/{rel}","templated":true}]}}