{"id":447,"date":"2023-05-16T10:21:47","date_gmt":"2023-05-16T10:21:47","guid":{"rendered":"http:\/\/imi4you.eu\/?page_id=447"},"modified":"2023-05-17T11:50:56","modified_gmt":"2023-05-17T11:50:56","slug":"medtech-park-technologiczny","status":"publish","type":"page","link":"http:\/\/imi4you.eu\/en\/medtech-park-technologiczny\/","title":{"rendered":"MedTech Technological Park"},"content":{"rendered":"<section class=\"wpb-content-wrapper\"><div data-vc-full-width=\"true\" data-vc-full-width-init=\"false\" class=\"vc_row wpb_row row top-row vc_custom_1527711405138 vc_row-has-fill\"><div class=\"vc_column_container col-md-12\"><div class=\"wpb_wrapper vc_column-inner\"><h2  class=\"vc_custom_heading align-left\" >MedTech Technological Park<\/h2><div class=\"porto-separator\"><hr class=\"separator-line  align_left\" style=\"background-image: -webkit-linear-gradient(left, #0dd5a6, transparent); background-image: linear-gradient(to right, #0dd5a6, transparent);height:3px;width:10%;\"><\/div>\n\t<div class=\"wpb_text_column wpb_content_element\" >\n\t\t<div class=\"wpb_wrapper\">\n\t\t\t<p class=\"lead\" style=\"text-align: justify;\">The Institute of Innovative Medicine, together with local and institutional partners, technology manufacturers, and national and international experts, is implementing a program to establish and equip the MedTech Technological Park. The park spans over 18,000 square meters and aims to foster innovation and collaboration in the field of medical technology. This initiative brings together various stakeholders to create a hub for research, development, and implementation of cutting-edge medical technologies. The MedTech Technological Park is envisioned as a catalyst for advancements in healthcare and a platform for driving progress in the medical industry.<\/p>\n<p class=\"lead\" style=\"text-align: justify;\">The MedTech &amp; Longevity Innovation Cluster Industrial-Technological Park is an innovative facility and a medical informatics ecosystem aimed at conducting research on longevity and implementing international technological innovations and scientific discoveries that enhance the quality and length of healthy life. It also focuses on the development of next-generation precision medicine. The cluster's areas of operation rank among the top three in the list of National Smart Specializations. This initiative brings together various stakeholders, including researchers, technologists, and healthcare professionals, to drive advancements in longevity research, technology adoption, and precision medicine. The goal is to improve the quality of life and promote healthy aging through cutting-edge innovations and interdisciplinary collaborations.<\/p>\n\n\t\t<\/div>\n\t<\/div>\n<div class=\"vc_row wpb_row vc_inner row\"><div class=\"vc_column_container col-md-8\"><div class=\"wpb_wrapper vc_column-inner\">\n\t<div class=\"wpb_text_column wpb_content_element  vc_custom_1684241200611\" >\n\t\t<div class=\"wpb_wrapper\">\n\t\t\t<p class=\"lead\" style=\"text-align: justify;\">The park will have its own research facilities and spaces for national and international entities, including startups, to conduct activities focused on developing innovative technologies in the following areas:<\/p>\n<ul>\n<li>\n<p class=\"lead\" style=\"text-align: justify;\">Health Care<\/p>\n<\/li>\n<li>\n<p class=\"lead\" style=\"text-align: justify;\">MedTech<\/p>\n<\/li>\n<li>\n<p class=\"lead\" style=\"text-align: justify;\">Longevity<\/p>\n<\/li>\n<li>\n<p class=\"lead\" style=\"text-align: justify;\">Clinical Trials<\/p>\n<\/li>\n<li>\n<p class=\"lead\" style=\"text-align: justify;\">Green Energy<\/p>\n<\/li>\n<li>\n<p class=\"lead\" style=\"text-align: justify;\">Natural Resources<\/p>\n<\/li>\n<li>\n<p class=\"lead\" style=\"text-align: justify;\">Healthy Food<\/p>\n<\/li>\n<li>\n<p class=\"lead\" style=\"text-align: justify;\">Personalized Medicine<\/p>\n<\/li>\n<li>\n<p class=\"lead\" style=\"text-align: justify;\">e-learning<\/p>\n<\/li>\n<li>\n<p class=\"lead\" style=\"text-align: justify;\">Digital Medicine<\/p>\n<\/li>\n<\/ul>\n<p class=\"lead\" style=\"text-align: justify;\">The establishment of the park aligns with the National Smart Specializations list, as well as the goals of the National Development Plan, National Recovery Plan, national strategies, and recommendations from the World Bank and the EU. It is a response to both national and international challenges in implementing digitalization and precision medicine. The aim of the park is to improve health indicators in Poland and Central and Eastern European countries following the period of the Covid-19 pandemic. By focusing on digitalization and precision medicine, the park seeks to address these challenges and contribute to enhancing healthcare outcomes and promoting advancements in healthcare technology and practices.<\/p>\n\n\t\t<\/div>\n\t<\/div>\n<\/div><\/div><div class=\"vc_column_container col-md-4\"><div class=\"wpb_wrapper vc_column-inner\"><div class=\"porto-gallery has-ccols ccols-1 wpb_custom_990125ee54cc6ce8d5f272820494c17d porto-gallery-grid align-items-start\"><figure><img width=\"871\" height=\"752\" src=\"http:\/\/imi4you.eu\/wp-content\/uploads\/2023\/05\/Zrzut-ekranu-2023-05-17-o-13.47.20.png\" class=\"attachment-full size-full\" alt=\"\" decoding=\"async\" loading=\"lazy\" srcset=\"http:\/\/imi4you.eu\/wp-content\/uploads\/2023\/05\/Zrzut-ekranu-2023-05-17-o-13.47.20.png 871w, http:\/\/imi4you.eu\/wp-content\/uploads\/2023\/05\/Zrzut-ekranu-2023-05-17-o-13.47.20-768x663.png 768w, http:\/\/imi4you.eu\/wp-content\/uploads\/2023\/05\/Zrzut-ekranu-2023-05-17-o-13.47.20-640x553.png 640w, http:\/\/imi4you.eu\/wp-content\/uploads\/2023\/05\/Zrzut-ekranu-2023-05-17-o-13.47.20-400x345.png 400w\" sizes=\"(max-width: 871px) 100vw, 871px\" \/><\/figure><figure><img width=\"847\" height=\"823\" src=\"http:\/\/imi4you.eu\/wp-content\/uploads\/2023\/05\/Zrzut-ekranu-2023-05-17-o-13.46.55.png\" class=\"attachment-full size-full\" alt=\"\" decoding=\"async\" loading=\"lazy\" srcset=\"http:\/\/imi4you.eu\/wp-content\/uploads\/2023\/05\/Zrzut-ekranu-2023-05-17-o-13.46.55.png 847w, http:\/\/imi4you.eu\/wp-content\/uploads\/2023\/05\/Zrzut-ekranu-2023-05-17-o-13.46.55-768x746.png 768w, http:\/\/imi4you.eu\/wp-content\/uploads\/2023\/05\/Zrzut-ekranu-2023-05-17-o-13.46.55-640x622.png 640w, http:\/\/imi4you.eu\/wp-content\/uploads\/2023\/05\/Zrzut-ekranu-2023-05-17-o-13.46.55-400x389.png 400w\" sizes=\"(max-width: 847px) 100vw, 847px\" \/><\/figure><\/div><\/div><\/div><\/div>\n\t<div class=\"wpb_text_column wpb_content_element\" >\n\t\t<div class=\"wpb_wrapper\">\n\t\t\t<p class=\"lead\" style=\"text-align: justify;\">The park integrates units and areas through functional cooperation groups.<\/p>\n<p class=\"lead\" style=\"text-align: justify;\">Professor Mieczys\u0142aw Pasowicz, together with the Institute of Innovative Medicine, is the author and initiator of the creation of the MedTech Technological Park.<\/p>\n\n\t\t<\/div>\n\t<\/div>\n<\/div><\/div><\/div><div class=\"vc_row-full-width vc_clearfix\"><\/div><div id=\"zapisy\" data-vc-full-width=\"true\" data-vc-full-width-init=\"false\" class=\"vc_row wpb_row row top-row vc_custom_1605281137434\"><div class=\"vc_column_container col-md-12\"><div class=\"wpb_wrapper vc_column-inner\"><h2 style=\"text-align: center\" class=\"vc_custom_heading\" >Application form<\/h2><div class=\"porto-separator\"><hr class=\"separator-line  vc_custom_1527684135524 align_center\" style=\"background-image: -webkit-linear-gradient(left, transparent, #0dd5a6, transparent); background-image: linear-gradient(to right, transparent, #0dd5a6, transparent);height:3px;width:10%;\"><\/div>\n\t<div class=\"wpb_text_column wpb_content_element  vc_custom_1684141681677\" >\n\t\t<div class=\"wpb_wrapper\">\n\t\t\t<p class=\"lead\" style=\"text-align: center;\">We are waiting for your questions! Would you like to learn more about how we introduce innovations in medicine, support the development of personalized and coordinated healthcare? Do you want to understand how our actions contribute to raising the standards of the European Union in hospitals? Contact us through our contact form. We are here to answer all your questions and help you better understand our mission. Don't wait, join us on an innovative journey towards better health!<\/p>\n\n\t\t<\/div>\n\t<\/div>\n<div class=\"vc_row wpb_row vc_inner row vc_custom_1527683362485\"><div class=\"vc_column_container col-md-3\"><div class=\"wpb_wrapper vc_column-inner\"><\/div><\/div><div class=\"vc_column_container col-md-6\"><div class=\"wpb_wrapper vc_column-inner\">\n<div class=\"wpcf7 no-js\" id=\"wpcf7-f343-o1\" lang=\"pl-PL\" dir=\"ltr\">\n<div class=\"screen-reader-response\"><p role=\"status\" aria-live=\"polite\" aria-atomic=\"true\"><\/p> <ul><\/ul><\/div>\n<form action=\"\/en\/wp-json\/wp\/v2\/pages\/447#wpcf7-f343-o1\" method=\"post\" class=\"wpcf7-form init\" aria-label=\"Contact Form\" novalidate=\"novalidate\" data-status=\"init\" data-trp-original-action=\"\/en\/wp-json\/wp\/v2\/pages\/447#wpcf7-f343-o1\">\n<div style=\"display: none;\">\n<input type=\"hidden\" name=\"_wpcf7\" value=\"343\" \/>\n<input type=\"hidden\" name=\"_wpcf7_version\" value=\"5.7.6\" \/>\n<input type=\"hidden\" name=\"_wpcf7_locale\" value=\"pl_PL\" \/>\n<input type=\"hidden\" name=\"_wpcf7_unit_tag\" value=\"wpcf7-f343-o1\" \/>\n<input type=\"hidden\" name=\"_wpcf7_container_post\" value=\"0\" \/>\n<input type=\"hidden\" name=\"_wpcf7_posted_data_hash\" value=\"\" \/>\n<\/div>\n<p><label> First Name and Last Name (required)<br \/>\n<span class=\"wpcf7-form-control-wrap\" data-name=\"your-name\"><input size=\"40\" class=\"wpcf7-form-control wpcf7-text wpcf7-validates-as-required\" aria-required=\"true\" aria-invalid=\"false\" value=\"\" type=\"text\" name=\"your-name\" \/><\/span> <\/label>\n<\/p>\n<p><label> Company Name (required)<br \/>\n<span class=\"wpcf7-form-control-wrap\" data-name=\"your-name\"><input size=\"40\" class=\"wpcf7-form-control wpcf7-text wpcf7-validates-as-required\" aria-required=\"true\" aria-invalid=\"false\" value=\"\" type=\"text\" name=\"your-name\" \/><\/span> <\/label>\n<\/p>\n<p><label> NIP (required)<br \/>\n<span class=\"wpcf7-form-control-wrap\" data-name=\"your-name\"><input size=\"40\" class=\"wpcf7-form-control wpcf7-text wpcf7-validates-as-required\" aria-required=\"true\" aria-invalid=\"false\" value=\"\" type=\"text\" name=\"your-name\" \/><\/span> <\/label>\n<\/p>\n<p><label> Contact Phone (required)<br \/>\n<span class=\"wpcf7-form-control-wrap\" data-name=\"your-name\"><input size=\"40\" class=\"wpcf7-form-control wpcf7-text wpcf7-validates-as-required\" aria-required=\"true\" aria-invalid=\"false\" value=\"\" type=\"text\" name=\"your-name\" \/><\/span> <\/label>\n<\/p>\n<p><label> Subject (required)<br \/>\n<span class=\"wpcf7-form-control-wrap\" data-name=\"menu-45\"><select class=\"wpcf7-form-control wpcf7-select\" aria-invalid=\"false\" name=\"menu-45\"><option value=\"Us\u0142uga doradcza\">Us\u0142uga doradcza<\/option><\/select><\/span> <\/label>\n<\/p>\n<p><input class=\"wpcf7-form-control has-spinner wpcf7-submit\" type=\"submit\" value=\"Submit your application\" \/>\n<\/p><div class=\"wpcf7-response-output\" aria-hidden=\"true\"><\/div>\n<input type=\"hidden\" name=\"trp-form-language\" value=\"en\"\/><\/form>\n<\/div>\n<\/div><\/div><div class=\"vc_column_container col-md-3\"><div class=\"wpb_wrapper vc_column-inner\"><\/div><\/div><\/div><\/div><\/div><\/div><div class=\"vc_row-full-width vc_clearfix\"><\/div><div id=\"kontakt\" data-vc-full-width=\"true\" data-vc-full-width-init=\"false\" class=\"vc_row wpb_row row top-row accent-bg vc_custom_1614556274545 vc_row-has-fill vc_row-o-equal-height vc_row-flex\"><div class=\"inside-white-box vc_column_container col-md-12\"><div class=\"wpb_wrapper vc_column-inner\"><div class=\"vc_row wpb_row vc_inner row\"><div class=\"vc_column_container col-md-12\"><div class=\"wpb_wrapper vc_column-inner\"><h4  class=\"vc_custom_heading align-left\" >Contact<\/h4><div class=\"porto-separator\"><hr class=\"separator-line  vc_custom_1527766557734 align_left\" style=\"background-image: -webkit-linear-gradient(left, #0dd5a6, transparent); background-image: linear-gradient(to right, #0dd5a6, transparent);height:3px;width:20%;\"><\/div>\n\t<div class=\"wpb_text_column wpb_content_element  vc_custom_1611824532338\" >\n\t\t<div class=\"wpb_wrapper\">\n\t\t\t<p>ul. Zab\u0142ocie 25\/4<br \/>\n30-701 Krak\u00f3w<br \/>\n<a href=\"mailto:info@imi4you.eu\">info@imi4you.eu<\/a><\/p>\n\n\t\t<\/div>\n\t<\/div>\n<\/div><\/div><\/div><div class=\"porto-separator\"><hr class=\"separator-line  vc_custom_1527766557734 align_left\" style=\"background-image: -webkit-linear-gradient(left, #0dd5a6, transparent); background-image: linear-gradient(to right, #0dd5a6, transparent);height:3px;width:20%;\"><\/div>\n\t<div class=\"wpb_text_column wpb_content_element\" >\n\t\t<div class=\"wpb_wrapper\">\n\t\t\t<p style=\"text-align: center;\"><a href=\"http:\/\/imi4you.eu\/wp-content\/uploads\/2021\/01\/Regulamin-szkolen.pdf\">REGULAMIN<\/a><\/p>\n\n\t\t<\/div>\n\t<\/div>\n<\/div><\/div><\/div><div class=\"vc_row-full-width vc_clearfix\"><\/div>\n<\/section>","protected":false},"excerpt":{"rendered":"MedTech Park Technologiczny Instytut Medycyny Innowacyjnej wraz z partnerami samorz\u0105dowymi i instytucjonalnymi oraz producentami technologii i ekspertami krajowymi oraz zagranicznymi realizuje program uruchomienia i wyposa\u017cenia Parku Technologicznego MedTech o powierzchni ponad 18 000 m2. Park Przemys\u0142owo-Technologiczny MedTech &amp; Longevity Innovation Cluster to innowacyjny obiekt i ekosystem medyczno-informatyczny kt\u00f3rego celem jest prowadzenie bada\u0144 nad d\u0142ugowieczno\u015bci\u0105 oraz [...]","protected":false},"author":1,"featured_media":0,"parent":0,"menu_order":0,"comment_status":"closed","ping_status":"closed","template":"","meta":[],"_links":{"self":[{"href":"http:\/\/imi4you.eu\/en\/wp-json\/wp\/v2\/pages\/447"}],"collection":[{"href":"http:\/\/imi4you.eu\/en\/wp-json\/wp\/v2\/pages"}],"about":[{"href":"http:\/\/imi4you.eu\/en\/wp-json\/wp\/v2\/types\/page"}],"author":[{"embeddable":true,"href":"http:\/\/imi4you.eu\/en\/wp-json\/wp\/v2\/users\/1"}],"replies":[{"embeddable":true,"href":"http:\/\/imi4you.eu\/en\/wp-json\/wp\/v2\/comments?post=447"}],"version-history":[{"count":17,"href":"http:\/\/imi4you.eu\/en\/wp-json\/wp\/v2\/pages\/447\/revisions"}],"predecessor-version":[{"id":682,"href":"http:\/\/imi4you.eu\/en\/wp-json\/wp\/v2\/pages\/447\/revisions\/682"}],"wp:attachment":[{"href":"http:\/\/imi4you.eu\/en\/wp-json\/wp\/v2\/media?parent=447"}],"curies":[{"name":"wp","href":"https:\/\/api.w.org\/{rel}","templated":true}]}}