{"id":321,"date":"2021-01-28T09:02:22","date_gmt":"2021-01-28T09:02:22","guid":{"rendered":"http:\/\/imi4you.eu\/?page_id=321"},"modified":"2021-02-28T23:51:28","modified_gmt":"2021-02-28T23:51:28","slug":"uslugi-szkoleniowe","status":"publish","type":"page","link":"http:\/\/imi4you.eu\/en\/uslugi-szkoleniowe\/","title":{"rendered":"Us\u0142ugi Szkoleniowe"},"content":{"rendered":"<section class=\"wpb-content-wrapper\"><div data-vc-full-width=\"true\" data-vc-full-width-init=\"false\" class=\"vc_row wpb_row row top-row vc_custom_1527711405138 vc_row-has-fill\"><div class=\"vc_column_container col-md-12\"><div class=\"wpb_wrapper vc_column-inner\"><h2  class=\"vc_custom_heading align-left\" >About Us<\/h2><div class=\"porto-separator\"><hr class=\"separator-line  align_left\" style=\"background-image: -webkit-linear-gradient(left, #0dd5a6, transparent); background-image: linear-gradient(to right, #0dd5a6, transparent);height:3px;width:10%;\"><\/div>\n\t<div class=\"wpb_text_column wpb_content_element  vc_custom_1611835703847\" >\n\t\t<div class=\"wpb_wrapper\">\n\t\t\t<p class=\"lead\" style=\"text-align: justify;\">Instytut Medycyny Innowacyjnej powsta\u0142 10 lat temu w celu rozwijania cyfrowych metod diagnostyki i terapii oraz program\u00f3w terapii koordynowanej bazuj\u0105cych na aktualnych algorytmach i wiedzy medycznej. Naszym celem jest upowszechnianie nowoczesnych technologii cyfrowych w medycynie oraz zwi\u0119kszanie dost\u0119pno\u015bci do innowacyjnego leczenia. Instytut by\u0142 organizatorem i wsp\u00f3\u0142organizatorem wielu konferencji mi\u0119dzy narodowych z dziedziny medycyny, innowacyjnych technologii oraz cyfryzacji. Wsp\u00f3\u0142pracujemy z wieloma producentami oraz wprowadzamy w\u0142asne rozwi\u0105zania i technologie. Oferujemy szerok\u0105 gam\u0119 urz\u0105dze\u0144 do <a href=\"https:\/\/md.sklep.pl\/dla-pacjenta\">diagnostyki domowej<\/a> z aplikacjami na telefon do monitorowania stanu zdrowia oraz <a href=\"https:\/\/md.sklep.pl\/dla-szpitali\">cyfrowe urz\u0105dzenia diagnostyczne dla lekarzy<\/a>. Rozwijamy wsp\u00f3\u0142prac\u0119 z producentami technologii w obszarze medycyny przeciwstarzeniowej i estetycznej, a tak\u017ce \u015bwiadczymy us\u0142ugi doradcze i szkoleniowe dla lekarzy, piel\u0119gniarek i fizjoterapeut\u00f3w. Dostarczamy <a href=\"https:\/\/wellonline.eu\/\">nowoczesne urz\u0105dzenia dla gabinet\u00f3w medycyny estetycznej i kosmetologicznych<\/a>. Wprowadzamy tak\u017ce na rynek w\u0142asne rozwi\u0105zania pozwalaj\u0105ce na prowadzenie treningu FMS i EMS z wykorzystaniem urz\u0105dzenia IMIrevieve.<\/p>\n\n\t\t<\/div>\n\t<\/div>\n<\/div><\/div><\/div><div class=\"vc_row-full-width vc_clearfix\"><\/div><div id=\"onas\" data-vc-full-width=\"true\" data-vc-full-width-init=\"false\" class=\"vc_row wpb_row row top-row vc_custom_1605287291068 vc_row-has-fill vc_row-o-content-bottom vc_row-flex\"><div class=\"vc_column_container col-md-12\"><div class=\"wpb_wrapper vc_column-inner\">\n\t<div class=\"wpb_text_column wpb_content_element\" >\n\t\t<div class=\"wpb_wrapper\">\n\t\t\t<h2 style=\"text-align: left;\">Training Services<\/h2>\n\n\t\t<\/div>\n\t<\/div>\n<div class=\"porto-separator\"><hr class=\"separator-line  vc_custom_1527623279184 align_left\" style=\"background-image: -webkit-linear-gradient(left, #0dd5a6, transparent); background-image: linear-gradient(to right, #0dd5a6, transparent);height:3px;width:10%;\"><\/div>\n\t<div class=\"wpb_text_column wpb_content_element  vc_custom_1611836749443\" >\n\t\t<div class=\"wpb_wrapper\">\n\t\t\t<p class=\"lead\" style=\"text-align: justify;\">Pomagamy w rozwoju, testowaniu i pozyskiwaniu finansowania innowacyjnych urz\u0105dze\u0144, aplikacji i pozosta\u0142ych rozwi\u0105za\u0144 wspomagaj\u0105cych nowoczesn\u0105 medycyn\u0119, a tak\u017ce wraz z nasz\u0105 kadr\u0105 do\u015bwiadczonych trener\u00f3w prowadzimy kursy zawodowe i szkolenia oraz us\u0142ugi doradcze. Dostarczamy wiedzy, umiej\u0119tno\u015bci i kompetencji w formie kurs\u00f3w zawodowych oraz kurs\u00f3w doskonal\u0105cych i zaj\u0119\u0107 praktycznych. We wsp\u00f3\u0142pracy z Medical Beauty Academy organizujemy szkolenia z zastosowania nowych metod i innowacyjnych technologii. Kursy prowadzone s\u0105 w systemie hybrydowym online + stacjonarne. Szkolenia odbywaj\u0105 si\u0119 w Plac\u00f3wce Kszta\u0142cenia Ustawicznego MedicalBeautyAcademy w Warszawie lub siedzibie Instytutu w Krakowie przy ul. Zab\u0142ocie 25\/4.<\/p>\n\n\t\t<\/div>\n\t<\/div>\n<\/div><\/div><\/div><div class=\"vc_row-full-width vc_clearfix\"><\/div><div data-vc-full-width=\"true\" data-vc-full-width-init=\"false\" class=\"vc_row wpb_row row top-row vc_custom_1527711405138 vc_row-has-fill\"><div class=\"vc_column_container col-md-12\"><div class=\"wpb_wrapper vc_column-inner\"><div class=\"vc_row wpb_row vc_inner row vc_row-o-content-middle vc_row-flex\"><div class=\"vc_column_container col-md-6\"><div class=\"wpb_wrapper vc_column-inner\"><h2  class=\"vc_custom_heading align-left\" >Aktualno\u015bci<\/h2><div class=\"porto-separator\"><hr class=\"separator-line  align_left\" style=\"background-image: -webkit-linear-gradient(left, #0dd5a6, transparent); background-image: linear-gradient(to right, #0dd5a6, transparent);height:3px;width:10%;\"><\/div>\n\t<div class=\"wpb_text_column wpb_content_element  vc_custom_1611824434292\" >\n\t\t<div class=\"wpb_wrapper\">\n\t\t\t<p class=\"lead\" style=\"text-align: left;\">\u015aled\u017a facebook&#8217;a MedicalBeautyAcademy aby by\u0107 na bie\u017c\u0105co z harmonogramem kurs\u00f3w i szkole\u0144 dla kosmetolog\u00f3w i lekarzy medycyny estetycznej.<\/p>\n\n\t\t<\/div>\n\t<\/div>\n<\/div><\/div><div class=\"vc_column_container col-md-6 vc_custom_1527625558733\"><div class=\"wpb_wrapper vc_column-inner\">\r\n\t<div class=\"wpb_single_image wpb_content_element vc_align_left  vc_custom_1611827096143\">\r\n\t\t<div class=\"wpb_wrapper\">\r\n\t\t\t\r\n\t\t\t<div class=\"vc_single_image-wrapper   vc_box_border_grey\"><img width=\"162\" height=\"165\" src=\"http:\/\/imi4you.eu\/wp-content\/uploads\/2017\/03\/who-we-are-3.jpg\" class=\"vc_single_image-img attachment-full\" alt=\"\" decoding=\"async\" loading=\"lazy\" title=\"who-we-are-3\" \/><\/div>\r\n\t\t<\/div>\r\n\t<\/div>\r\n<\/div><\/div><\/div><div class=\"vc_row wpb_row vc_inner row\"><div class=\"vc_column_container col-md-12\"><div class=\"wpb_wrapper vc_column-inner\">\n\t<div class=\"wpb_text_column wpb_content_element\" >\n\t\t<div class=\"wpb_wrapper\">\n\t\t\t<p>[elfsight_facebook_feed id=&#8221;1&#8243;]<\/p>\n\n\t\t<\/div>\n\t<\/div>\n<\/div><\/div><\/div><\/div><\/div><\/div><div class=\"vc_row-full-width vc_clearfix\"><\/div><div data-vc-full-width=\"true\" data-vc-full-width-init=\"false\" class=\"vc_row wpb_row row top-row vc_custom_1608293280183 vc_row-has-fill\"><div class=\"vc_column_container col-md-12\"><div class=\"wpb_wrapper vc_column-inner\"><div class=\"vc_row wpb_row vc_inner row vc_custom_1527683362485\"><div class=\"vc_column_container col-md-3\"><div class=\"wpb_wrapper vc_column-inner\"><\/div><\/div><div class=\"vc_column_container col-md-6\"><div class=\"wpb_wrapper vc_column-inner\"><h2 style=\"color: #ffffff;text-align: center\" class=\"vc_custom_heading\" >Opinie o naszych szkoleniach<\/h2><div class=\"porto-separator\"><hr class=\"separator-line  vc_custom_1527683333859 align_center\" style=\"background-image: -webkit-linear-gradient(left, transparent, white, transparent); background-image: linear-gradient(to right, transparent, white, transparent);height:3px;width:10%;\"><\/div>\n\t<div class=\"wpb_text_column wpb_content_element\" >\n\t\t<div class=\"wpb_wrapper\">\n\t\t\t<blockquote style=\"color: white;\"><p>\nPolecam w 100 procentach. Profesjonalne szkolenia w zakresie lipozy. Du\u017ca wiedza i do\u015bwiadczenie pa\u0144 prowadz\u0105cych. Zdecydowanie najlepsze szkolenia w kt\u00f3rych bra\u0142am udzia\u0142 w tej tematyce.\n<\/p><\/blockquote>\n<p style=\"text-align: center; color: white;\">Klaudia Tokarczyk<\/p>\n\n\t\t<\/div>\n\t<\/div>\n<\/div><\/div><div class=\"vc_column_container col-md-3\"><div class=\"wpb_wrapper vc_column-inner\"><\/div><\/div><\/div><\/div><\/div><\/div><div class=\"vc_row-full-width vc_clearfix\"><\/div><div id=\"kadra\" class=\"vc_row wpb_row row top-row vc_custom_1605287569989\"><div class=\"vc_column_container col-md-12\"><div class=\"wpb_wrapper vc_column-inner\"><h2 style=\"text-align: center\" class=\"vc_custom_heading\" >Kadra<\/h2><div class=\"porto-separator\"><hr class=\"separator-line  vc_custom_1527684135524 align_center\" style=\"background-image: -webkit-linear-gradient(left, transparent, #0dd5a6, transparent); background-image: linear-gradient(to right, transparent, #0dd5a6, transparent);height:3px;width:10%;\"><\/div><div class=\"vc_row wpb_row vc_inner row\"><div class=\"vc_column_container col-md-4\"><div class=\"wpb_wrapper vc_column-inner\">\r\n\t<div class=\"wpb_single_image wpb_content_element vc_align_center\">\r\n\t\t<div class=\"wpb_wrapper\">\r\n\t\t\t\r\n\t\t\t<div class=\"vc_single_image-wrapper   vc_box_border_grey\"><img width=\"150\" height=\"150\" src=\"http:\/\/imi4you.eu\/wp-content\/uploads\/2021\/01\/5f214fd44cdae-bpfull.png\" class=\"vc_single_image-img attachment-medium\" alt=\"\" decoding=\"async\" loading=\"lazy\" title=\"5f214fd44cdae-bpfull\" \/><\/div>\r\n\t\t<\/div>\r\n\t<\/div>\r\n\n\t<div class=\"wpb_text_column wpb_content_element\" >\n\t\t<div class=\"wpb_wrapper\">\n\t\t\t<h4 style=\"text-align: center;\">dr. hab. med. Mieczys\u0142aw Pasowicz<\/h4>\n<p style=\"text-align: justify;\">Lekarz posiadaj\u0105cy du\u017ce do\u015bwiadczenie w zarz\u0105dzaniu podmiotami leczniczymi oraz we wdra\u017caniu projekt\u00f3w finansowanych z UE, bada\u0144 klinicznych oraz innowacyjnych technologii. Posiada wieloletnie do\u015bwiadczenie dydaktyczne jako nauczyciel akademicki UJ i KAFM oraz znaczny dorobek naukowy &#8211; index Hirscha 21.<\/p>\n\n\t\t<\/div>\n\t<\/div>\n<\/div><\/div><div class=\"vc_column_container col-md-4\"><div class=\"wpb_wrapper vc_column-inner\">\r\n\t<div class=\"wpb_single_image wpb_content_element vc_align_center\">\r\n\t\t<div class=\"wpb_wrapper\">\r\n\t\t\t\r\n\t\t\t<div class=\"vc_single_image-wrapper   vc_box_border_grey\"><img width=\"150\" height=\"150\" src=\"http:\/\/imi4you.eu\/wp-content\/uploads\/2021\/01\/5f214ea175fff-bpfull.png\" class=\"vc_single_image-img attachment-medium\" alt=\"\" decoding=\"async\" loading=\"lazy\" title=\"5f214ea175fff-bpfull\" \/><\/div>\r\n\t\t<\/div>\r\n\t<\/div>\r\n\n\t<div class=\"wpb_text_column wpb_content_element\" >\n\t\t<div class=\"wpb_wrapper\">\n\t\t\t<h4 style=\"text-align: center;\">dr n. farm. Wioleta Jankowiak<\/h4>\n<p style=\"text-align: justify;\">Specjalista w dziedzinie kosmetologii leczniczej, piel\u0119gnacyjnej oraz upi\u0119kszaj\u0105cej. Wieloletni wyk\u0142adowca, praktyk, organizator warsztat\u00f3w, ko\u0142a kosmetycznego oraz kurs\u00f3w dla kosmetolog\u00f3w i kosmetyczek.<\/p>\n\n\t\t<\/div>\n\t<\/div>\n<\/div><\/div><div class=\"vc_column_container col-md-4\"><div class=\"wpb_wrapper vc_column-inner\">\r\n\t<div class=\"wpb_single_image wpb_content_element vc_align_center\">\r\n\t\t<div class=\"wpb_wrapper\">\r\n\t\t\t\r\n\t\t\t<div class=\"vc_single_image-wrapper   vc_box_border_grey\"><img class=\"vc_single_image-img\" src=\"http:\/\/imi4you.eu\/wp-content\/uploads\/2021\/01\/stm_lms_avatar24-150x150.jpg\" width=\"150\" height=\"150\" alt=\"stm_lms_avatar24\" title=\"stm_lms_avatar24\" \/><\/div>\r\n\t\t<\/div>\r\n\t<\/div>\r\n\n\t<div class=\"wpb_text_column wpb_content_element\" >\n\t\t<div class=\"wpb_wrapper\">\n\t\t\t<h4 style=\"text-align: center;\">dr Anna Malwina Kamelska-Sadowska<\/h4>\n<p style=\"text-align: justify;\">Ukierunkowana na rozw\u00f3j, ch\u0119tnie przyswaja nowe informacje oraz kszta\u0142ci si\u0119 holistycznie. Stawia na jako\u015b\u0107, dlatego przekazuje wiedz\u0119 opart\u0105 o najnowsze badania naukowe, do\u015bwiadczenia oraz praktyk\u0119 z pacjentem.<\/p>\n\n\t\t<\/div>\n\t<\/div>\n<\/div><\/div><\/div><div class=\"vc_row wpb_row vc_inner row\"><div class=\"vc_column_container col-md-4\"><div class=\"wpb_wrapper vc_column-inner\">\r\n\t<div class=\"wpb_single_image wpb_content_element vc_align_center\">\r\n\t\t<div class=\"wpb_wrapper\">\r\n\t\t\t\r\n\t\t\t<div class=\"vc_single_image-wrapper   vc_box_border_grey\"><img class=\"vc_single_image-img\" src=\"http:\/\/imi4you.eu\/wp-content\/uploads\/2021\/01\/5f214f88a055a-bpfull.png\" width=\"150\" height=\"150\" alt=\"5f214f88a055a-bpfull\" title=\"5f214f88a055a-bpfull\" \/><\/div>\r\n\t\t<\/div>\r\n\t<\/div>\r\n\n\t<div class=\"wpb_text_column wpb_content_element\" >\n\t\t<div class=\"wpb_wrapper\">\n\t\t\t<h4 style=\"text-align: center;\">Marta Bednara<\/h4>\n<p style=\"text-align: justify;\">Wykonuje swoj\u0105 prac\u0119 ju\u017c od 9 lat z najwi\u0119ksz\u0105 pasj\u0105 i zaanga\u017cowaniem. Od 6 lat zajmuje si\u0119 pigmentacj\u0105, przez 2 lata by\u0142a trenerem \u015bwiatowej marki Fashion Brows.<\/p>\n\n\t\t<\/div>\n\t<\/div>\n<\/div><\/div><div class=\"vc_column_container col-md-4\"><div class=\"wpb_wrapper vc_column-inner\">\r\n\t<div class=\"wpb_single_image wpb_content_element vc_align_center\">\r\n\t\t<div class=\"wpb_wrapper\">\r\n\t\t\t\r\n\t\t\t<div class=\"vc_single_image-wrapper   vc_box_border_grey\"><img class=\"vc_single_image-img\" src=\"http:\/\/imi4you.eu\/wp-content\/uploads\/2021\/01\/106720069_709404539898625_8715206969441619190_n.jpg\" width=\"150\" height=\"150\" alt=\"106720069_709404539898625_8715206969441619190_n\" title=\"106720069_709404539898625_8715206969441619190_n\" \/><\/div>\r\n\t\t<\/div>\r\n\t<\/div>\r\n\n\t<div class=\"wpb_text_column wpb_content_element\" >\n\t\t<div class=\"wpb_wrapper\">\n\t\t\t<h4 style=\"text-align: center;\">Inez Bejnar<\/h4>\n<p style=\"text-align: justify;\">Prowadzi us\u0142ugi szkoleniowe od 12 lat. Kosmetologi\u0105\/medycyn\u0105 estetyczn\u0105 zajmuje si\u0119 od 7 lat. Absolwentka presti\u017cowej mi\u0119dzynarodowej szko\u0142y z zakresu medycyny estetycznej Svetlany Kashuk. W Polsce chce rozpowszechni\u0107 innowacyjne metody i techniki aplikacji nici liftinguj\u0105cych oraz kwas hialuronowego.<\/p>\n\n\t\t<\/div>\n\t<\/div>\n<\/div><\/div><div class=\"vc_column_container col-md-4\"><div class=\"wpb_wrapper vc_column-inner\"><\/div><\/div><\/div><\/div><\/div><\/div><div id=\"zapisy\" data-vc-full-width=\"true\" data-vc-full-width-init=\"false\" class=\"vc_row wpb_row row top-row vc_custom_1605281137434\"><div class=\"vc_column_container col-md-12\"><div class=\"wpb_wrapper vc_column-inner\"><h2 style=\"text-align: center\" class=\"vc_custom_heading\" >Application form<\/h2><div class=\"porto-separator\"><hr class=\"separator-line  vc_custom_1527684135524 align_center\" style=\"background-image: -webkit-linear-gradient(left, transparent, #0dd5a6, transparent); background-image: linear-gradient(to right, transparent, #0dd5a6, transparent);height:3px;width:10%;\"><\/div>\n\t<div class=\"wpb_text_column wpb_content_element  vc_custom_1605276161227\" >\n\t\t<div class=\"wpb_wrapper\">\n\t\t\t<p class=\"lead\" style=\"text-align: center;\">Sprawd\u017a nasz\u0105\u00a0ofert\u0119 kurs\u00f3w w nadchodz\u0105cym czasie i zapisz si\u0119 na szkolenie!<\/p>\n\n\t\t<\/div>\n\t<\/div>\n<div class=\"vc_row wpb_row vc_inner row vc_custom_1527683362485\"><div class=\"vc_column_container col-md-3\"><div class=\"wpb_wrapper vc_column-inner\"><\/div><\/div><div class=\"vc_column_container col-md-6\"><div class=\"wpb_wrapper vc_column-inner\">\n<div class=\"wpcf7 no-js\" id=\"wpcf7-f324-o1\" lang=\"pl-PL\" dir=\"ltr\">\n<div class=\"screen-reader-response\"><p role=\"status\" aria-live=\"polite\" aria-atomic=\"true\"><\/p> <ul><\/ul><\/div>\n<form action=\"\/en\/wp-json\/wp\/v2\/pages\/321#wpcf7-f324-o1\" method=\"post\" class=\"wpcf7-form init\" aria-label=\"Contact Form\" novalidate=\"novalidate\" data-status=\"init\" data-trp-original-action=\"\/en\/wp-json\/wp\/v2\/pages\/321#wpcf7-f324-o1\">\n<div style=\"display: none;\">\n<input type=\"hidden\" name=\"_wpcf7\" value=\"324\" \/>\n<input type=\"hidden\" name=\"_wpcf7_version\" value=\"5.7.6\" \/>\n<input type=\"hidden\" name=\"_wpcf7_locale\" value=\"pl_PL\" \/>\n<input type=\"hidden\" name=\"_wpcf7_unit_tag\" value=\"wpcf7-f324-o1\" \/>\n<input type=\"hidden\" name=\"_wpcf7_container_post\" value=\"0\" \/>\n<input type=\"hidden\" name=\"_wpcf7_posted_data_hash\" value=\"\" \/>\n<\/div>\n<p><label> First Name and Last Name (required)<br \/>\n<span class=\"wpcf7-form-control-wrap\" data-name=\"your-name\"><input size=\"40\" class=\"wpcf7-form-control wpcf7-text wpcf7-validates-as-required\" aria-required=\"true\" aria-invalid=\"false\" value=\"\" type=\"text\" name=\"your-name\" \/><\/span> <\/label>\n<\/p>\n<p><label> Company Name (required)<br \/>\n<span class=\"wpcf7-form-control-wrap\" data-name=\"text-123\"><input size=\"40\" class=\"wpcf7-form-control wpcf7-text wpcf7-validates-as-required\" aria-required=\"true\" aria-invalid=\"false\" value=\"\" type=\"text\" name=\"text-123\" \/><\/span> <\/label>\n<\/p>\n<p><label> NIP (required)<br \/>\n<span class=\"wpcf7-form-control-wrap\" data-name=\"text-456\"><input size=\"40\" class=\"wpcf7-form-control wpcf7-text wpcf7-validates-as-required\" aria-required=\"true\" aria-invalid=\"false\" value=\"\" type=\"text\" name=\"text-456\" \/><\/span> <\/label>\n<\/p>\n<p><label> Contact Phone (required)<br \/>\n<span class=\"wpcf7-form-control-wrap\" data-name=\"text-789\"><input size=\"40\" class=\"wpcf7-form-control wpcf7-text wpcf7-validates-as-required\" aria-required=\"true\" aria-invalid=\"false\" value=\"\" type=\"text\" name=\"text-789\" \/><\/span> <\/label>\n<\/p>\n<p><input class=\"wpcf7-form-control has-spinner wpcf7-submit\" type=\"submit\" value=\"Submit your application\" \/>\n<\/p><div class=\"wpcf7-response-output\" aria-hidden=\"true\"><\/div>\n<input type=\"hidden\" name=\"trp-form-language\" value=\"en\"\/><\/form>\n<\/div>\n<\/div><\/div><div class=\"vc_column_container col-md-3\"><div class=\"wpb_wrapper vc_column-inner\"><\/div><\/div><\/div><\/div><\/div><\/div><div class=\"vc_row-full-width vc_clearfix\"><\/div><div id=\"kontakt\" data-vc-full-width=\"true\" data-vc-full-width-init=\"false\" class=\"vc_row wpb_row row top-row accent-bg vc_custom_1614556287584 vc_row-has-fill vc_row-o-equal-height vc_row-flex\"><div class=\"inside-white-box vc_column_container col-md-12\"><div class=\"wpb_wrapper vc_column-inner\"><div class=\"vc_row wpb_row vc_inner row\"><div class=\"vc_column_container col-md-4\"><div class=\"wpb_wrapper vc_column-inner\"><h4  class=\"vc_custom_heading align-left\" >Contact<\/h4><div class=\"porto-separator\"><hr class=\"separator-line  vc_custom_1527766557734 align_left\" style=\"background-image: -webkit-linear-gradient(left, #0dd5a6, transparent); background-image: linear-gradient(to right, #0dd5a6, transparent);height:3px;width:20%;\"><\/div>\n\t<div class=\"wpb_text_column wpb_content_element  vc_custom_1611824532338\" >\n\t\t<div class=\"wpb_wrapper\">\n\t\t\t<p>ul. Zab\u0142ocie 25\/4<br \/>\n30-701 Krak\u00f3w<br \/>\n<a href=\"mailto:info@imi4you.eu\">info@imi4you.eu<\/a><\/p>\n\n\t\t<\/div>\n\t<\/div>\n<\/div><\/div><div class=\"vc_column_container col-md-4\"><div class=\"wpb_wrapper vc_column-inner\"><h4  class=\"vc_custom_heading align-left\" >Kontakt w sprawie szkole\u0144<\/h4><div class=\"porto-separator\"><hr class=\"separator-line  vc_custom_1527766557734 align_left\" style=\"background-image: -webkit-linear-gradient(left, #0dd5a6, transparent); background-image: linear-gradient(to right, #0dd5a6, transparent);height:3px;width:20%;\"><\/div>\n\t<div class=\"wpb_text_column wpb_content_element  vc_custom_1608295283468\" >\n\t\t<div class=\"wpb_wrapper\">\n\t\t\t<p>ul. Pu\u0142awska 41 lok. 1\/15<br \/>\n02- 508 Warszawa<br \/>\n<a href=\"mailto:manager@medicalbeautyacademy.pl\">manager@medicalbeautyacademy.pl<\/a><br \/>\n<a href=\"tel: 48 694 379 779\">+48 694 379 779<\/a><\/p>\n\n\t\t<\/div>\n\t<\/div>\n<\/div><\/div><div class=\"vc_column_container col-md-4\"><div class=\"wpb_wrapper vc_column-inner\"><h4  class=\"vc_custom_heading align-left\" >Kontakt w sprawie zam\u00f3wienia urz\u0105dze\u0144<\/h4><div class=\"porto-separator\"><hr class=\"separator-line  vc_custom_1527766557734 align_left\" style=\"background-image: -webkit-linear-gradient(left, #0dd5a6, transparent); background-image: linear-gradient(to right, #0dd5a6, transparent);height:3px;width:20%;\"><\/div>\n\t<div class=\"wpb_text_column wpb_content_element  vc_custom_1611837936239\" >\n\t\t<div class=\"wpb_wrapper\">\n\t\t\t<p><a href=\"mailto:kontakt@wellonline.eu\">kontakt@wellonline.eu<\/a><br \/>\n<a href=\"tel: 48 536-799-866\">+48 536 799 866<\/a><\/p>\n\n\t\t<\/div>\n\t<\/div>\n<\/div><\/div><\/div><div class=\"porto-separator\"><hr class=\"separator-line  vc_custom_1527766557734 align_left\" style=\"background-image: -webkit-linear-gradient(left, #0dd5a6, transparent); background-image: linear-gradient(to right, #0dd5a6, transparent);height:3px;width:20%;\"><\/div>\n\t<div class=\"wpb_text_column wpb_content_element\" >\n\t\t<div class=\"wpb_wrapper\">\n\t\t\t<p style=\"text-align: center;\"><a href=\"http:\/\/imi4you.eu\/wp-content\/uploads\/2021\/01\/Regulamin-szkolen.pdf\">REGULAMIN<\/a><\/p>\n\n\t\t<\/div>\n\t<\/div>\n<\/div><\/div><\/div><div class=\"vc_row-full-width vc_clearfix\"><\/div>\n<\/section>","protected":false},"excerpt":{"rendered":"O nas Instytut Medycyny Innowacyjnej powsta\u0142 10 lat temu w celu rozwijania cyfrowych metod diagnostyki i terapii oraz program\u00f3w terapii koordynowanej bazuj\u0105cych na aktualnych algorytmach i wiedzy medycznej. Naszym celem jest upowszechnianie nowoczesnych technologii cyfrowych w medycynie oraz zwi\u0119kszanie dost\u0119pno\u015bci do innowacyjnego leczenia. Instytut by\u0142 organizatorem i wsp\u00f3\u0142organizatorem wielu konferencji mi\u0119dzy narodowych z dziedziny medycyny, [...]","protected":false},"author":1,"featured_media":0,"parent":0,"menu_order":0,"comment_status":"closed","ping_status":"closed","template":"","meta":[],"_links":{"self":[{"href":"http:\/\/imi4you.eu\/en\/wp-json\/wp\/v2\/pages\/321"}],"collection":[{"href":"http:\/\/imi4you.eu\/en\/wp-json\/wp\/v2\/pages"}],"about":[{"href":"http:\/\/imi4you.eu\/en\/wp-json\/wp\/v2\/types\/page"}],"author":[{"embeddable":true,"href":"http:\/\/imi4you.eu\/en\/wp-json\/wp\/v2\/users\/1"}],"replies":[{"embeddable":true,"href":"http:\/\/imi4you.eu\/en\/wp-json\/wp\/v2\/comments?post=321"}],"version-history":[{"count":22,"href":"http:\/\/imi4you.eu\/en\/wp-json\/wp\/v2\/pages\/321\/revisions"}],"predecessor-version":[{"id":390,"href":"http:\/\/imi4you.eu\/en\/wp-json\/wp\/v2\/pages\/321\/revisions\/390"}],"wp:attachment":[{"href":"http:\/\/imi4you.eu\/en\/wp-json\/wp\/v2\/media?parent=321"}],"curies":[{"name":"wp","href":"https:\/\/api.w.org\/{rel}","templated":true}]}}